{"id":110,"date":"2021-04-13T17:34:32","date_gmt":"2021-04-13T15:34:32","guid":{"rendered":"https:\/\/numethic.education\/?page_id=110"},"modified":"2024-03-12T12:05:27","modified_gmt":"2024-03-12T11:05:27","slug":"tice-ethiques-pour-lecole","status":"publish","type":"page","link":"https:\/\/numethic.education\/?page_id=110","title":{"rendered":"TIC \u00e9thiques pour l&rsquo;\u00e9cole"},"content":{"rendered":"\n<h2 class=\"wp-block-heading has-text-align-center has-background\" style=\"background-color:#d3e7f082\">Tutoriels<\/h2>\n\n\n\n<p>Retrouvez dans cette section nos articles sp\u00e9cifiques et tutoriels de pr\u00e9sentations d&rsquo;outils libres destin\u00e9s aux enseignant.e.s.<\/p>\n\n\n\n<p><a href=\"https:\/\/numethic.education\/?p=564\" data-type=\"post\" data-id=\"564\">[Tutoriel] : La Digitale et DigiPDF<\/a><\/p>\n\n\n\n<p><\/p>\n\n\n\n<p><\/p>\n\n\n\n<h2 class=\"wp-block-heading has-text-align-center has-background\" style=\"background-color:#d3e7f082\">Liste d&rsquo;outils {en cours}<\/h2>\n\n\n\n<p class=\"has-small-font-size\">NB: utiliser le raccourci \u00a0\u00bb Ctrl + F\u00a0\u00bb pour chercher l&rsquo;outil qui vous int\u00e9resse<\/p>\n\n\n\n<p class=\"has-text-align-center has-medium-font-size\">~ A~ <\/p>\n\n\n\n<p class=\"has-text-align-center has-medium-font-size\">~ B~ <\/p>\n\n\n\n<p class=\"has-text-align-center has-medium-font-size\">~ C~<\/p>\n\n\n\n<p class=\"has-text-align-center has-medium-font-size\">~ D~ <\/p>\n\n\n\n<p><a href=\"https:\/\/ladigitale.dev\/\">La Digitale<\/a> : plateforme de services libres pour l&rsquo;\u00e9ducation<\/p>\n\n\n\n<p class=\"has-text-align-center has-medium-font-size\">~ G~ <\/p>\n\n\n\n<p><a href=\"https:\/\/www.geogebra.org\/\">G\u00e9og\u00e9bra<\/a>: outil de math\u00e9matiques. Permet de r\u00e9aliser des graphiques, calculs, statistiques&#8230; Un <a href=\"https:\/\/wiki.geogebra.org\/fr\/Tutoriels\">wiki<\/a> assez d\u00e9velopp\u00e9 existe pour la prise en main.<\/p>\n\n\n\n<p class=\"has-text-align-center has-medium-font-size\">~ P~<\/p>\n\n\n\n<p><a href=\"https:\/\/phet.colorado.edu\/fr\/\">PhET interactive simulations<\/a>: ce site regoupe une centaine de simulations interactives en sciences et math\u00e9matiques, utilisables en ligne ou t\u00e9l\u00e9chargeables. Agr\u00e9ment\u00e9 de quelques conseils p\u00e9dagogiques d&rsquo;utilisation.<\/p>\n\n\n\n<p class=\"has-text-align-center has-medium-font-size\">~ V~<\/p>\n\n\n\n<p><a href=\"https:\/\/www.viasvt.vivelessvt.com\/#\">Vive le SVT!<\/a> : s\u00e9rie d&rsquo;animations en biologie et sciences de la Terre (SVT) con\u00e7ues avec Inkscape. (Tr\u00e8s bonnes animations sur la mitose et m\u00e9iose!)<\/p>\n","protected":false},"excerpt":{"rendered":"<p>Tutoriels Retrouvez dans cette section nos articles sp\u00e9cifiques et tutoriels de pr\u00e9sentations d&rsquo;outils libres destin\u00e9s aux enseignant.e.s. [Tutoriel] : La Digitale et DigiPDF Liste d&rsquo;outils {en cours} NB: utiliser le [&hellip;]<\/p>\n","protected":false},"author":3,"featured_media":68,"parent":535,"menu_order":0,"comment_status":"closed","ping_status":"closed","template":"","meta":{"ocean_post_layout":"","ocean_both_sidebars_style":"","ocean_both_sidebars_content_width":0,"ocean_both_sidebars_sidebars_width":0,"ocean_sidebar":"0","ocean_second_sidebar":"0","ocean_disable_margins":"enable","ocean_add_body_class":"","ocean_shortcode_before_top_bar":"","ocean_shortcode_after_top_bar":"","ocean_shortcode_before_header":"","ocean_shortcode_after_header":"","ocean_has_shortcode":"","ocean_shortcode_after_title":"","ocean_shortcode_before_footer_widgets":"","ocean_shortcode_after_footer_widgets":"","ocean_shortcode_before_footer_bottom":"","ocean_shortcode_after_footer_bottom":"","ocean_display_top_bar":"default","ocean_display_header":"default","ocean_header_style":"","ocean_center_header_left_menu":"0","ocean_custom_header_template":"0","ocean_custom_logo":0,"ocean_custom_retina_logo":0,"ocean_custom_logo_max_width":0,"ocean_custom_logo_tablet_max_width":0,"ocean_custom_logo_mobile_max_width":0,"ocean_custom_logo_max_height":0,"ocean_custom_logo_tablet_max_height":0,"ocean_custom_logo_mobile_max_height":0,"ocean_header_custom_menu":"0","ocean_menu_typo_font_family":"0","ocean_menu_typo_font_subset":"","ocean_menu_typo_font_size":0,"ocean_menu_typo_font_size_tablet":0,"ocean_menu_typo_font_size_mobile":0,"ocean_menu_typo_font_size_unit":"px","ocean_menu_typo_font_weight":"","ocean_menu_typo_font_weight_tablet":"","ocean_menu_typo_font_weight_mobile":"","ocean_menu_typo_transform":"","ocean_menu_typo_transform_tablet":"","ocean_menu_typo_transform_mobile":"","ocean_menu_typo_line_height":0,"ocean_menu_typo_line_height_tablet":0,"ocean_menu_typo_line_height_mobile":0,"ocean_menu_typo_line_height_unit":"","ocean_menu_typo_spacing":0,"ocean_menu_typo_spacing_tablet":0,"ocean_menu_typo_spacing_mobile":0,"ocean_menu_typo_spacing_unit":"","ocean_menu_link_color":"","ocean_menu_link_color_hover":"","ocean_menu_link_color_active":"","ocean_menu_link_background":"","ocean_menu_link_hover_background":"","ocean_menu_link_active_background":"","ocean_menu_social_links_bg":"","ocean_menu_social_hover_links_bg":"","ocean_menu_social_links_color":"","ocean_menu_social_hover_links_color":"","ocean_disable_title":"default","ocean_disable_heading":"default","ocean_post_title":"","ocean_post_subheading":"","ocean_post_title_style":"","ocean_post_title_background_color":"","ocean_post_title_background":0,"ocean_post_title_bg_image_position":"","ocean_post_title_bg_image_attachment":"","ocean_post_title_bg_image_repeat":"","ocean_post_title_bg_image_size":"","ocean_post_title_height":0,"ocean_post_title_bg_overlay":0.5,"ocean_post_title_bg_overlay_color":"","ocean_disable_breadcrumbs":"default","ocean_breadcrumbs_color":"","ocean_breadcrumbs_separator_color":"","ocean_breadcrumbs_links_color":"","ocean_breadcrumbs_links_hover_color":"","ocean_display_footer_widgets":"default","ocean_display_footer_bottom":"default","ocean_custom_footer_template":"0","footnotes":""},"class_list":["post-110","page","type-page","status-publish","has-post-thumbnail","hentry","entry","has-media"],"_links":{"self":[{"href":"https:\/\/numethic.education\/index.php?rest_route=\/wp\/v2\/pages\/110","targetHints":{"allow":["GET"]}}],"collection":[{"href":"https:\/\/numethic.education\/index.php?rest_route=\/wp\/v2\/pages"}],"about":[{"href":"https:\/\/numethic.education\/index.php?rest_route=\/wp\/v2\/types\/page"}],"author":[{"embeddable":true,"href":"https:\/\/numethic.education\/index.php?rest_route=\/wp\/v2\/users\/3"}],"replies":[{"embeddable":true,"href":"https:\/\/numethic.education\/index.php?rest_route=%2Fwp%2Fv2%2Fcomments&post=110"}],"version-history":[{"count":7,"href":"https:\/\/numethic.education\/index.php?rest_route=\/wp\/v2\/pages\/110\/revisions"}],"predecessor-version":[{"id":576,"href":"https:\/\/numethic.education\/index.php?rest_route=\/wp\/v2\/pages\/110\/revisions\/576"}],"up":[{"embeddable":true,"href":"https:\/\/numethic.education\/index.php?rest_route=\/wp\/v2\/pages\/535"}],"wp:featuredmedia":[{"embeddable":true,"href":"https:\/\/numethic.education\/index.php?rest_route=\/wp\/v2\/media\/68"}],"wp:attachment":[{"href":"https:\/\/numethic.education\/index.php?rest_route=%2Fwp%2Fv2%2Fmedia&parent=110"}],"curies":[{"name":"wp","href":"https:\/\/api.w.org\/{rel}","templated":true}]}}