{"id":117,"date":"2021-06-03T17:05:50","date_gmt":"2021-06-03T15:05:50","guid":{"rendered":"https:\/\/numethic.education\/?page_id=117"},"modified":"2022-05-09T22:17:58","modified_gmt":"2022-05-09T20:17:58","slug":"politique-de-confidentialite-2","status":"publish","type":"page","link":"https:\/\/numethic.education\/?page_id=117","title":{"rendered":"Politique de confidentialit\u00e9"},"content":{"rendered":"\n<h2 class=\"wp-block-heading\">Qui sommes-nous&nbsp;?<\/h2>\n\n\n\n<p>NumEthic est une association sans but lucratif, enregistr\u00e9e sous le num\u00e9ro 0772.742.283. L&rsquo;association se veut un collectif d&rsquo;acteurs de l&rsquo;enseignement soucieux de la libert\u00e9 et du respect de la vie priv\u00e9e. Les fondateurs sont Linda Doria (linda arobase numethic point education), Jacques Theys (jacques arobase numethic point education) et Manuel Tondeur (manu arobase numethic point education).<\/p>\n\n\n\n<p>L\u2019adresse de notre site est&nbsp;: https:\/\/numethic.education.<\/p>\n\n\n\n<p>Vous pouvez nous contacter \u00e0 l&rsquo;aide du <a href=\"https:\/\/numethic.education\/?page_id=21\">formulaire de contact g\u00e9n\u00e9ral<\/a> du site.<\/p>\n\n\n\n<h2 class=\"wp-block-heading\">Quelles sont les donn\u00e9es collect\u00e9es par ce site et comment sont-elles g\u00e9r\u00e9es ?<\/h2>\n\n\n\n<p>Ce site ne collecte aucune donn\u00e9e personnelle. Seuls votre adresse ip et les requ\u00eates http effectu\u00e9es sont utilis\u00e9es pour vous fournir une r\u00e9ponse \u00e0 vos demandes et sont conserv\u00e9es une ann\u00e9e par notre h\u00e9bergeur <a href=\"https:\/\/www.ovh.com\">OVH<\/a> \u00e0 des fins d&rsquo;analyse de bon fonctionnement du site. Elles sont ensuite supprim\u00e9es par OVH.<\/p>\n\n\n\n<p>Lorsque vous nous contactez \u00e0 travers <a href=\"https:\/\/numethic.education\/?page_id=21\">le formulaire de contact du site<\/a>, des informations personnelles vous sont demand\u00e9es: votre nom, votre adresse mail et le contenu du message que vous souhaitez nous adresser. Ces informations sont conserv\u00e9es dans un logiciel de gestion des e-mails et sont utilis\u00e9es pour r\u00e9pondre \u00e0 votre demande. Ces informations ne sont pas c\u00e9d\u00e9es \u00e0 des tiers ni utilis\u00e9es \u00e0 des fins de marketing ou de profilage.<\/p>\n\n\n\n<h2 class=\"wp-block-heading\">Non responsabilit\u00e9<\/h2>\n\n\n\n<p>Les contenus et id\u00e9es exprim\u00e9es dans les articles de ce site sont enti\u00e8rement sous la responsabilit\u00e9 de leurs auteurs. Ce site n&rsquo;engage aucune responsabilit\u00e9 \u00e0 ce sujet. Si vous estimez qu&rsquo;un article contrevient \u00e0 la l\u00e9gislation, veuillez prendre contact avec les fondateurs du site via le <a href=\"https:\/\/numethic.education\/?page_id=21\">formulaire de contact g\u00e9n\u00e9ral<\/a>.<\/p>\n\n\n\n<h2 class=\"wp-block-heading\">Contenu embarqu\u00e9 depuis d\u2019autres sites<\/h2>\n\n\n\n<p>Les articles de ce site peuvent inclure des contenus int\u00e9gr\u00e9s (par exemple des vid\u00e9os, images, articles\u2026). Le contenu int\u00e9gr\u00e9 depuis d\u2019autres sites se comporte de la m\u00eame mani\u00e8re que si le visiteur se rendait sur cet autre site.<\/p>\n\n\n\n<p>Ces sites web pourraient collecter des donn\u00e9es sur vous, utiliser des cookies, embarquer des outils de suivis tiers, suivre vos interactions avec ces contenus embarqu\u00e9s si vous disposez d\u2019un compte connect\u00e9 sur leur site web.<\/p>\n\n\n\n<h2 class=\"wp-block-heading\">Les droits que vous avez sur vos donn\u00e9es<\/h2>\n\n\n\n<p>Conform\u00e9ment au R\u00e8glement Europ\u00e9en sur la Protection des Donn\u00e9es, vous pouvez demander la consultation, la rectification, la modification ou l&rsquo;effacement de vos donn\u00e9es personnelles ainsi que la limitation de leur utilisation en prenant contact avec le Responsable du traitement des donn\u00e9es via l&rsquo;un des moyens mis \u00e0 votre disposition, mentionn\u00e9s ci-dessus. Vous pouvez \u00e9galement par ce biais demander une copie des donn\u00e9es personnelles d\u00e9tenues par ce site. Vous pouvez enfin faire appel \u00e0 l&rsquo;Autorit\u00e9 de protection des donn\u00e9es pour toute plainte ou demande d&rsquo;informations suppl\u00e9mentaires: Autorit\u00e9 de protection des donn\u00e9es, rue de la presse 35, 1000 Bruxelles &#8211; T\u00e9l.: 02\/274.48.00 &#8211; Courriel: contact@apd-gba.be<\/p>\n\n\n\n<p><strong class=\"privacy-policy-tutorial\"><\/strong><\/p>\n","protected":false},"excerpt":{"rendered":"<p>Qui sommes-nous&nbsp;? NumEthic est une association sans but lucratif, enregistr\u00e9e sous le num\u00e9ro 0772.742.283. L&rsquo;association se veut un collectif d&rsquo;acteurs de l&rsquo;enseignement soucieux de la libert\u00e9 et du respect de [&hellip;]<\/p>\n","protected":false},"author":3,"featured_media":0,"parent":0,"menu_order":0,"comment_status":"closed","ping_status":"closed","template":"","meta":{"ocean_post_layout":"","ocean_both_sidebars_style":"","ocean_both_sidebars_content_width":0,"ocean_both_sidebars_sidebars_width":0,"ocean_sidebar":"0","ocean_second_sidebar":"0","ocean_disable_margins":"enable","ocean_add_body_class":"","ocean_shortcode_before_top_bar":"","ocean_shortcode_after_top_bar":"","ocean_shortcode_before_header":"","ocean_shortcode_after_header":"","ocean_has_shortcode":"","ocean_shortcode_after_title":"","ocean_shortcode_before_footer_widgets":"","ocean_shortcode_after_footer_widgets":"","ocean_shortcode_before_footer_bottom":"","ocean_shortcode_after_footer_bottom":"","ocean_display_top_bar":"default","ocean_display_header":"default","ocean_header_style":"","ocean_center_header_left_menu":"0","ocean_custom_header_template":"0","ocean_custom_logo":0,"ocean_custom_retina_logo":0,"ocean_custom_logo_max_width":0,"ocean_custom_logo_tablet_max_width":0,"ocean_custom_logo_mobile_max_width":0,"ocean_custom_logo_max_height":0,"ocean_custom_logo_tablet_max_height":0,"ocean_custom_logo_mobile_max_height":0,"ocean_header_custom_menu":"0","ocean_menu_typo_font_family":"0","ocean_menu_typo_font_subset":"","ocean_menu_typo_font_size":0,"ocean_menu_typo_font_size_tablet":0,"ocean_menu_typo_font_size_mobile":0,"ocean_menu_typo_font_size_unit":"px","ocean_menu_typo_font_weight":"","ocean_menu_typo_font_weight_tablet":"","ocean_menu_typo_font_weight_mobile":"","ocean_menu_typo_transform":"","ocean_menu_typo_transform_tablet":"","ocean_menu_typo_transform_mobile":"","ocean_menu_typo_line_height":0,"ocean_menu_typo_line_height_tablet":0,"ocean_menu_typo_line_height_mobile":0,"ocean_menu_typo_line_height_unit":"","ocean_menu_typo_spacing":0,"ocean_menu_typo_spacing_tablet":0,"ocean_menu_typo_spacing_mobile":0,"ocean_menu_typo_spacing_unit":"","ocean_menu_link_color":"","ocean_menu_link_color_hover":"","ocean_menu_link_color_active":"","ocean_menu_link_background":"","ocean_menu_link_hover_background":"","ocean_menu_link_active_background":"","ocean_menu_social_links_bg":"","ocean_menu_social_hover_links_bg":"","ocean_menu_social_links_color":"","ocean_menu_social_hover_links_color":"","ocean_disable_title":"default","ocean_disable_heading":"default","ocean_post_title":"","ocean_post_subheading":"","ocean_post_title_style":"","ocean_post_title_background_color":"","ocean_post_title_background":0,"ocean_post_title_bg_image_position":"","ocean_post_title_bg_image_attachment":"","ocean_post_title_bg_image_repeat":"","ocean_post_title_bg_image_size":"","ocean_post_title_height":0,"ocean_post_title_bg_overlay":0.5,"ocean_post_title_bg_overlay_color":"","ocean_disable_breadcrumbs":"default","ocean_breadcrumbs_color":"","ocean_breadcrumbs_separator_color":"","ocean_breadcrumbs_links_color":"","ocean_breadcrumbs_links_hover_color":"","ocean_display_footer_widgets":"default","ocean_display_footer_bottom":"default","ocean_custom_footer_template":"0","footnotes":""},"class_list":["post-117","page","type-page","status-publish","hentry","entry"],"_links":{"self":[{"href":"https:\/\/numethic.education\/index.php?rest_route=\/wp\/v2\/pages\/117","targetHints":{"allow":["GET"]}}],"collection":[{"href":"https:\/\/numethic.education\/index.php?rest_route=\/wp\/v2\/pages"}],"about":[{"href":"https:\/\/numethic.education\/index.php?rest_route=\/wp\/v2\/types\/page"}],"author":[{"embeddable":true,"href":"https:\/\/numethic.education\/index.php?rest_route=\/wp\/v2\/users\/3"}],"replies":[{"embeddable":true,"href":"https:\/\/numethic.education\/index.php?rest_route=%2Fwp%2Fv2%2Fcomments&post=117"}],"version-history":[{"count":4,"href":"https:\/\/numethic.education\/index.php?rest_route=\/wp\/v2\/pages\/117\/revisions"}],"predecessor-version":[{"id":389,"href":"https:\/\/numethic.education\/index.php?rest_route=\/wp\/v2\/pages\/117\/revisions\/389"}],"wp:attachment":[{"href":"https:\/\/numethic.education\/index.php?rest_route=%2Fwp%2Fv2%2Fmedia&parent=117"}],"curies":[{"name":"wp","href":"https:\/\/api.w.org\/{rel}","templated":true}]}}