{"id":21,"date":"2021-03-09T21:47:59","date_gmt":"2021-03-09T20:47:59","guid":{"rendered":"http:\/\/numethic.education\/?page_id=21"},"modified":"2024-04-09T15:37:02","modified_gmt":"2024-04-09T13:37:02","slug":"contact","status":"publish","type":"page","link":"https:\/\/numethic.education\/?page_id=21","title":{"rendered":"Contactez-nous"},"content":{"rendered":"\n<p>NumEthic peut \u00eatre contact\u00e9 \u00e0 travers ce formulaire. Les questions, commentaires, critiques, suggestions sont les bienvenus.<\/p>\n\n\n\n<p>Si vous souhaitez participer au collectif, n&rsquo;h\u00e9sitez pas \u00e0 nous \u00e9crire un petit mot avec vos coordonn\u00e9es !<\/p>\n\n\n\n<div id=\"simple-contact-form-wrap\">\r\n\t\t<div id=\"simple-contact-form\" class=\"scf\">\r\n\t\t\t<form action=\"#simple-contact-form-wrap\" method=\"post\">\r\n\t\t\t\t<div class=\"scf-row scf-name\">\r\n\t\t\t\t\t<label for=\"scf_name\">Votre Nom<\/label>\r\n\t\t\t\t\t<input name=\"scf_name\" id=\"scf_name\" type=\"text\" size=\"33\" maxlength=\"99\" value=\"\" placeholder=\"Votre Nom\" \/>\r\n\t\t\t\t<\/div>\r\n\t\t\t\t<div class=\"scf-row scf-email\">\r\n\t\t\t\t\t<label for=\"scf_email\">Votre Email<\/label>\r\n\t\t\t\t\t<input name=\"scf_email\" id=\"scf_email\" type=\"text\" size=\"33\" maxlength=\"99\" value=\"\" placeholder=\"Votre Email\" \/>\r\n\t\t\t\t<\/div>\r\n\t\t<div class=\"scf-row scf-confirm-email\">\r\n\t\t\t<label for=\"scf_confirm_email\">Confirmez votre Email<\/label>\r\n\t\t\t<input name=\"scf_confirm_email\" id=\"scf_confirm_email\" type=\"text\" size=\"33\" maxlength=\"99\" value=\"\" placeholder=\"Confirmez votre Email\" \/>\r\n\t\t<\/div>\r\n\t\t\t\t<div class=\"scf-row scf-response\">\r\n\t\t\t\t\t<label for=\"scf_response\">1 + 7 =<\/label>\r\n\t\t\t\t\t<input name=\"scf_response\" id=\"scf_response\" type=\"text\" size=\"33\" maxlength=\"99\" value=\"\" placeholder=\"R\u00e9ponse correcte\" \/>\r\n\t\t\t\t<\/div>\r\n\t\t\t\t<div class=\"scf-row scf-message\">\r\n\t\t\t\t\t<label for=\"scf_message\">Votre Message<\/label>\r\n\t\t\t\t\t<textarea name=\"scf_message\" id=\"scf_message\" cols=\"33\" rows=\"7\" placeholder=\"Votre Message\"><\/textarea>\r\n\t\t\t\t<\/div>\t<div class=\"scf-confirm-checkbox\">\r\n\t\t<label><input type=\"checkbox\" required> J'accepte que les donn\u00e9es de ce formulaire soient envoy\u00e9es au concepteur de ce site. Ces donn\u00e9es sont utilis\u00e9es uniquement dans le but de r\u00e9pondre \u00e0 ma demande, et \u00e0 aucune autre fin.<\/label>\r\n\t<\/div><!-- .scf-confirm-checkbox -->\r\n\t<div class=\"scf-submit\">\r\n\t\t\t\t\t<input type=\"submit\" id=\"scf-button\" value=\"Envoyer\">\r\n\t\t\t\t\t<input type=\"hidden\" id=\"scf-key\" name=\"scf-key\" value=\"process\">\r\n\t\t\t\t\t<input type=\"hidden\" id=\"scf-nonce\" name=\"scf-nonce\" value=\"7f48c55df8\" \/>\r\n\t\t\t\t<\/div><\/form>\r\n\t\t<\/div>\r\n\t\t<style>.scf-confirm-checkbox { margin-top: 15px; } .scf-website3dhhsy3 { display: none; } #simple-contact-form .scf-row { width: 100%; overflow: hidden; margin: 5px 0; padding: 5px 0; border: 0; } #simple-contact-form .scf-row input { box-sizing: border-box; float: left; clear: none; width: 75%; margin: 0; } #simple-contact-form .scf-row label { box-sizing: border-box; float: left; clear: both; width: 25%; margin-top: 5px; font-size: 90%; } #simple-contact-form .scf-row textarea { box-sizing: border-box; float: left; clear: both; width: 100%; margin-top: 2px; }#simple-contact-form form { max-width: 700px; padding: 5px; } #simple-contact-form fieldset { width: 100%; overflow: hidden; margin: 5px 0; padding: 5px 0; border: 0; } #simple-contact-form fieldset input { box-sizing: border-box; float: left; clear: none; width: 75%; margin: 0; } #simple-contact-form fieldset label { box-sizing: border-box; float: left; clear: both; width: 25%; margin-top: 5px; font-size: 90%; } #simple-contact-form fieldset textarea { box-sizing: border-box; float: left; clear: both; width: 100%; margin-top: 2px; } #scf_success pre { white-space: pre-wrap; } p.scf_error, p.scf_spam { color: #cc0000; } div.scf-submit { margin-top: 10px; } p.scf_success { color: #669966; } .scf-confirm-checkbox { margin-top: 15px; } .scf-website3dhhsy3 { display: none; }<\/style><div style=\"clear:both\">&nbsp;<\/div><\/div>\n","protected":false},"excerpt":{"rendered":"<p>NumEthic peut \u00eatre contact\u00e9 \u00e0 travers ce formulaire. Les questions, commentaires, critiques, suggestions sont les bienvenus. Si vous souhaitez participer au collectif, n&rsquo;h\u00e9sitez pas \u00e0 nous \u00e9crire un petit mot [&hellip;]<\/p>\n","protected":false},"author":1,"featured_media":0,"parent":618,"menu_order":0,"comment_status":"closed","ping_status":"closed","template":"","meta":{"ocean_post_layout":"","ocean_both_sidebars_style":"","ocean_both_sidebars_content_width":0,"ocean_both_sidebars_sidebars_width":0,"ocean_sidebar":"","ocean_second_sidebar":"","ocean_disable_margins":"enable","ocean_add_body_class":"","ocean_shortcode_before_top_bar":"","ocean_shortcode_after_top_bar":"","ocean_shortcode_before_header":"","ocean_shortcode_after_header":"","ocean_has_shortcode":"","ocean_shortcode_after_title":"","ocean_shortcode_before_footer_widgets":"","ocean_shortcode_after_footer_widgets":"","ocean_shortcode_before_footer_bottom":"","ocean_shortcode_after_footer_bottom":"","ocean_display_top_bar":"default","ocean_display_header":"default","ocean_header_style":"","ocean_center_header_left_menu":"","ocean_custom_header_template":"","ocean_custom_logo":0,"ocean_custom_retina_logo":0,"ocean_custom_logo_max_width":0,"ocean_custom_logo_tablet_max_width":0,"ocean_custom_logo_mobile_max_width":0,"ocean_custom_logo_max_height":0,"ocean_custom_logo_tablet_max_height":0,"ocean_custom_logo_mobile_max_height":0,"ocean_header_custom_menu":"","ocean_menu_typo_font_family":"","ocean_menu_typo_font_subset":"","ocean_menu_typo_font_size":0,"ocean_menu_typo_font_size_tablet":0,"ocean_menu_typo_font_size_mobile":0,"ocean_menu_typo_font_size_unit":"px","ocean_menu_typo_font_weight":"","ocean_menu_typo_font_weight_tablet":"","ocean_menu_typo_font_weight_mobile":"","ocean_menu_typo_transform":"","ocean_menu_typo_transform_tablet":"","ocean_menu_typo_transform_mobile":"","ocean_menu_typo_line_height":0,"ocean_menu_typo_line_height_tablet":0,"ocean_menu_typo_line_height_mobile":0,"ocean_menu_typo_line_height_unit":"","ocean_menu_typo_spacing":0,"ocean_menu_typo_spacing_tablet":0,"ocean_menu_typo_spacing_mobile":0,"ocean_menu_typo_spacing_unit":"","ocean_menu_link_color":"","ocean_menu_link_color_hover":"","ocean_menu_link_color_active":"","ocean_menu_link_background":"","ocean_menu_link_hover_background":"","ocean_menu_link_active_background":"","ocean_menu_social_links_bg":"","ocean_menu_social_hover_links_bg":"","ocean_menu_social_links_color":"","ocean_menu_social_hover_links_color":"","ocean_disable_title":"default","ocean_disable_heading":"default","ocean_post_title":"","ocean_post_subheading":"","ocean_post_title_style":"","ocean_post_title_background_color":"","ocean_post_title_background":0,"ocean_post_title_bg_image_position":"","ocean_post_title_bg_image_attachment":"","ocean_post_title_bg_image_repeat":"","ocean_post_title_bg_image_size":"","ocean_post_title_height":0,"ocean_post_title_bg_overlay":0.5,"ocean_post_title_bg_overlay_color":"","ocean_disable_breadcrumbs":"default","ocean_breadcrumbs_color":"","ocean_breadcrumbs_separator_color":"","ocean_breadcrumbs_links_color":"","ocean_breadcrumbs_links_hover_color":"","ocean_display_footer_widgets":"default","ocean_display_footer_bottom":"default","ocean_custom_footer_template":"","footnotes":""},"class_list":["post-21","page","type-page","status-publish","hentry","entry"],"_links":{"self":[{"href":"https:\/\/numethic.education\/index.php?rest_route=\/wp\/v2\/pages\/21","targetHints":{"allow":["GET"]}}],"collection":[{"href":"https:\/\/numethic.education\/index.php?rest_route=\/wp\/v2\/pages"}],"about":[{"href":"https:\/\/numethic.education\/index.php?rest_route=\/wp\/v2\/types\/page"}],"author":[{"embeddable":true,"href":"https:\/\/numethic.education\/index.php?rest_route=\/wp\/v2\/users\/1"}],"replies":[{"embeddable":true,"href":"https:\/\/numethic.education\/index.php?rest_route=%2Fwp%2Fv2%2Fcomments&post=21"}],"version-history":[{"count":4,"href":"https:\/\/numethic.education\/index.php?rest_route=\/wp\/v2\/pages\/21\/revisions"}],"predecessor-version":[{"id":617,"href":"https:\/\/numethic.education\/index.php?rest_route=\/wp\/v2\/pages\/21\/revisions\/617"}],"up":[{"embeddable":true,"href":"https:\/\/numethic.education\/index.php?rest_route=\/wp\/v2\/pages\/618"}],"wp:attachment":[{"href":"https:\/\/numethic.education\/index.php?rest_route=%2Fwp%2Fv2%2Fmedia&parent=21"}],"curies":[{"name":"wp","href":"https:\/\/api.w.org\/{rel}","templated":true}]}}