{"id":348,"date":"2022-03-24T11:39:59","date_gmt":"2022-03-24T10:39:59","guid":{"rendered":"https:\/\/numethic.education\/?p=348"},"modified":"2026-03-11T11:12:45","modified_gmt":"2026-03-11T10:12:45","slug":"journee-rencontres-ateliers","status":"publish","type":"page","link":"https:\/\/numethic.education\/?page_id=348","title":{"rendered":"Journ\u00e9e Rencontres &amp; ateliers 28 mai 2022"},"content":{"rendered":"\n<h1 class=\"wp-block-heading\"><em>Pour un num\u00e9rique \u00e9thique dans l&rsquo;enseignement<\/em><\/h1>\n\n\n\n<div class=\"wp-block-columns is-layout-flex wp-container-core-columns-is-layout-9d6595d7 wp-block-columns-is-layout-flex\">\n<div class=\"wp-block-column is-layout-flow wp-block-column-is-layout-flow\">\n<figure class=\"wp-block-image size-large\"><img loading=\"lazy\" decoding=\"async\" width=\"724\" height=\"1024\" src=\"https:\/\/numethic.education\/wp-content\/uploads\/2022\/05\/Affiche-28-mai-sans-date-inscriptions--724x1024.png\" alt=\"\" class=\"wp-image-392\" srcset=\"https:\/\/numethic.education\/wp-content\/uploads\/2022\/05\/Affiche-28-mai-sans-date-inscriptions--724x1024.png 724w, https:\/\/numethic.education\/wp-content\/uploads\/2022\/05\/Affiche-28-mai-sans-date-inscriptions--212x300.png 212w, https:\/\/numethic.education\/wp-content\/uploads\/2022\/05\/Affiche-28-mai-sans-date-inscriptions--768x1086.png 768w, https:\/\/numethic.education\/wp-content\/uploads\/2022\/05\/Affiche-28-mai-sans-date-inscriptions--1086x1536.png 1086w, https:\/\/numethic.education\/wp-content\/uploads\/2022\/05\/Affiche-28-mai-sans-date-inscriptions--1448x2048.png 1448w, https:\/\/numethic.education\/wp-content\/uploads\/2022\/05\/Affiche-28-mai-sans-date-inscriptions-.png 1587w\" sizes=\"auto, (max-width: 724px) 100vw, 724px\" \/><\/figure>\n<\/div>\n\n\n\n<div class=\"wp-block-column is-layout-flow wp-block-column-is-layout-flow\">\n<p class=\"has-text-align-center\"><br><br><strong>Motivations de cette rencontre<\/strong><\/p>\n\n\n\n<p class=\"has-text-align-center\">Le num\u00e9rique a fait son entr\u00e9e dans l\u2019enseignement, devenant un outil p\u00e9dagogique quasi indispensable. Les projets fleurissent&nbsp;: \u00ab&nbsp;un ordinateur par \u00e9l\u00e8ve&nbsp;\u00bb, tableau blanc interactif, connexion via des plateformes interactive pour assurer \u00ab&nbsp;le suivi p\u00e9dagogique&nbsp;\u00bb, nouveaux canaux de communication vari\u00e9s&#8230;<\/p>\n\n\n\n<p class=\"has-text-align-center\">La crise sanitaire a acc\u00e9l\u00e9r\u00e9 le ph\u00e9nom\u00e8ne, laissant peu de place \u00e0 la r\u00e9flexion et \u00e0 la critique. Nous vous proposons un temps d\u2019\u00e9changes sous forme de conf\u00e9rences et d\u2019ateliers pour questionner la transition num\u00e9rique dans l\u2019enseignement selon les aspects sociaux, d\u00e9mocratiques, p\u00e9dagogiques et \u00e9cologiques.<\/p>\n\n\n\n<p class=\"has-text-align-center\">L&rsquo;\u00e9thique du num\u00e9rique \u00e0 l&rsquo;\u00e9cole est \u00e0 construire, elle a besoin d\u2019acteurs forts, conscients et cr\u00e9atifs\u00a0: rejoignez-nous\u00a0le samedi 28 mai 2022 pour r\u00e9fl\u00e9chir ensemble \u00e0 la question et trouver des pistes d&rsquo;actions.<\/p>\n<\/div>\n<\/div>\n\n\n\n<h1 class=\"wp-block-heading\">Les supports visuels et documents utilis\u00e9s durant cette journ\u00e9e<\/h1>\n\n\n\n<h2 class=\"wp-block-heading\"><strong>Rencontre en pl\u00e9ni\u00e8re<\/strong> : matin<\/h2>\n\n\n\n<div data-wp-interactive=\"core\/file\" class=\"wp-block-file\"><object data-wp-bind--hidden=\"!state.hasPdfPreview\" hidden class=\"wp-block-file__embed\" data=\"https:\/\/numethic.education\/wp-content\/uploads\/2022\/06\/Numethic_INTRO_PLENIERE.pdf\" type=\"application\/pdf\" style=\"width:100%;height:350px\" aria-label=\"Contenu embarqu\u00e9 Numethic_INTRO_PLENIERE.\"><\/object><a id=\"wp-block-file--media-3c2ff879-a0e1-4f81-aaa5-3d5f9d66364a\" href=\"https:\/\/numethic.education\/wp-content\/uploads\/2022\/06\/Numethic_INTRO_PLENIERE.pdf\">Numethic_INTRO_PLENIERE<\/a><a href=\"https:\/\/numethic.education\/wp-content\/uploads\/2022\/06\/Numethic_INTRO_PLENIERE.pdf\" class=\"wp-block-file__button wp-element-button\" download aria-describedby=\"wp-block-file--media-3c2ff879-a0e1-4f81-aaa5-3d5f9d66364a\">T\u00e9l\u00e9charger<\/a><\/div>\n\n\n\n<h2 class=\"wp-block-heading\">Atelier \u00ab\u00a0Des outils libres en ligne : Moodle et La Digitale<\/h2>\n\n\n\n<div data-wp-interactive=\"core\/file\" class=\"wp-block-file\"><object data-wp-bind--hidden=\"!state.hasPdfPreview\" hidden class=\"wp-block-file__embed\" data=\"https:\/\/numethic.education\/wp-content\/uploads\/2022\/06\/Presentation_Moodle_LaDigitale_Intro-1.pdf\" type=\"application\/pdf\" style=\"width:100%;height:350px\" aria-label=\"Contenu embarqu\u00e9 Presentation_Moodle_LaDigitale_Intro-1.\"><\/object><a id=\"wp-block-file--media-659e08e8-2642-4a23-9b39-ae61bd8a8436\" href=\"https:\/\/numethic.education\/wp-content\/uploads\/2022\/06\/Presentation_Moodle_LaDigitale_Intro-1.pdf\">Presentation_Moodle_LaDigitale_Intro-1<\/a><a href=\"https:\/\/numethic.education\/wp-content\/uploads\/2022\/06\/Presentation_Moodle_LaDigitale_Intro-1.pdf\" class=\"wp-block-file__button wp-element-button\" download aria-describedby=\"wp-block-file--media-659e08e8-2642-4a23-9b39-ae61bd8a8436\">T\u00e9l\u00e9charger<\/a><\/div>\n\n\n\n<div data-wp-interactive=\"core\/file\" class=\"wp-block-file\"><object data-wp-bind--hidden=\"!state.hasPdfPreview\" hidden class=\"wp-block-file__embed\" data=\"https:\/\/numethic.education\/wp-content\/uploads\/2022\/06\/Presentation_Moodle.pdf\" type=\"application\/pdf\" style=\"width:100%;height:350px\" aria-label=\"Contenu embarqu\u00e9 Presentation_Moodle.\"><\/object><a id=\"wp-block-file--media-a2d4aced-4857-4162-90b8-95e5c24e410a\" href=\"https:\/\/numethic.education\/wp-content\/uploads\/2022\/06\/Presentation_Moodle.pdf\">Presentation_Moodle<\/a><a href=\"https:\/\/numethic.education\/wp-content\/uploads\/2022\/06\/Presentation_Moodle.pdf\" class=\"wp-block-file__button wp-element-button\" download aria-describedby=\"wp-block-file--media-a2d4aced-4857-4162-90b8-95e5c24e410a\">T\u00e9l\u00e9charger<\/a><\/div>\n\n\n\n<div data-wp-interactive=\"core\/file\" class=\"wp-block-file\"><object data-wp-bind--hidden=\"!state.hasPdfPreview\" hidden class=\"wp-block-file__embed\" data=\"https:\/\/numethic.education\/wp-content\/uploads\/2022\/06\/Presentation_Ladigitale-1.pdf\" type=\"application\/pdf\" style=\"width:100%;height:350px\" aria-label=\"Contenu embarqu\u00e9 Presentation_Ladigitale-1.\"><\/object><a id=\"wp-block-file--media-c8f36b50-980b-447b-978c-1e656d16d176\" href=\"https:\/\/numethic.education\/wp-content\/uploads\/2022\/06\/Presentation_Ladigitale-1.pdf\">Presentation_Ladigitale-1<\/a><a href=\"https:\/\/numethic.education\/wp-content\/uploads\/2022\/06\/Presentation_Ladigitale-1.pdf\" class=\"wp-block-file__button wp-element-button\" download aria-describedby=\"wp-block-file--media-c8f36b50-980b-447b-978c-1e656d16d176\">T\u00e9l\u00e9charger<\/a><\/div>\n\n\n\n<h2 class=\"wp-block-heading\"><strong>Atelier de construction d&rsquo;\u00e9thiques des TICE<\/strong><\/h2>\n\n\n\n<div data-wp-interactive=\"core\/file\" class=\"wp-block-file\"><object data-wp-bind--hidden=\"!state.hasPdfPreview\" hidden class=\"wp-block-file__embed\" data=\"https:\/\/numethic.education\/wp-content\/uploads\/2022\/10\/Atelier_philo_numerique_final.pdf\" type=\"application\/pdf\" style=\"width:100%;height:600px\" aria-label=\"Contenu embarqu\u00e9 Atelier_philo_numerique_final.\"><\/object><a id=\"wp-block-file--media-16768605-a229-4941-9d5f-d87a0b1bfaff\" href=\"https:\/\/numethic.education\/wp-content\/uploads\/2022\/10\/Atelier_philo_numerique_final.pdf\">Atelier_philo_numerique_final<\/a><a href=\"https:\/\/numethic.education\/wp-content\/uploads\/2022\/10\/Atelier_philo_numerique_final.pdf\" class=\"wp-block-file__button wp-element-button\" download aria-describedby=\"wp-block-file--media-16768605-a229-4941-9d5f-d87a0b1bfaff\">T\u00e9l\u00e9charger<\/a><\/div>\n\n\n\n<p><\/p>\n\n\n\n<h2 class=\"wp-block-heading\"><strong> Num\u00e9rique et \u00e9cologie : un duo gagnant ?<\/strong><\/h2>\n\n\n\n<div data-wp-interactive=\"core\/file\" class=\"wp-block-file\"><object data-wp-bind--hidden=\"!state.hasPdfPreview\" hidden class=\"wp-block-file__embed\" data=\"https:\/\/numethic.education\/wp-content\/uploads\/2022\/06\/Numethic_ATELIER_Numerique_et_ecologie.pdf\" type=\"application\/pdf\" style=\"width:100%;height:350px\" aria-label=\"Contenu embarqu\u00e9 Numethic_ATELIER_Numerique_et_ecologie.\"><\/object><a id=\"wp-block-file--media-f1e8018d-cadf-42fd-86ea-b2b605d79238\" href=\"https:\/\/numethic.education\/wp-content\/uploads\/2022\/06\/Numethic_ATELIER_Numerique_et_ecologie.pdf\">Numethic_ATELIER_Numerique_et_ecologie<\/a><a href=\"https:\/\/numethic.education\/wp-content\/uploads\/2022\/06\/Numethic_ATELIER_Numerique_et_ecologie.pdf\" class=\"wp-block-file__button wp-element-button\" download aria-describedby=\"wp-block-file--media-f1e8018d-cadf-42fd-86ea-b2b605d79238\">T\u00e9l\u00e9charger<\/a><\/div>\n\n\n\n<div style=\"height:0px\" aria-hidden=\"true\" class=\"wp-block-spacer\"><\/div>\n\n\n\n<h2 class=\"wp-block-heading\"><strong>S\u00e9curit\u00e9 et d\u00e9mocratie : et nos donn\u00e9es dans tout \u00e7a ? Le point sur le RGPD, la fuite de donn\u00e9es et les donn\u00e9es induites<\/strong><\/h2>\n\n\n\n<div data-wp-interactive=\"core\/file\" class=\"wp-block-file\"><object data-wp-bind--hidden=\"!state.hasPdfPreview\" hidden class=\"wp-block-file__embed\" data=\"https:\/\/numethic.education\/wp-content\/uploads\/2022\/06\/Securite-et-democratie_Et-nos-donnees-dans-tout-ca.pdf\" type=\"application\/pdf\" style=\"width:100%;height:350px\" aria-label=\"Contenu embarqu\u00e9 Securite-et-democratie_Et-nos-donnees-dans-tout-ca.\"><\/object><a id=\"wp-block-file--media-7f6b7041-f9c8-40ec-ba9e-642e89bb921c\" href=\"https:\/\/numethic.education\/wp-content\/uploads\/2022\/06\/Securite-et-democratie_Et-nos-donnees-dans-tout-ca.pdf\">Securite-et-democratie_Et-nos-donnees-dans-tout-ca<\/a><a href=\"https:\/\/numethic.education\/wp-content\/uploads\/2022\/06\/Securite-et-democratie_Et-nos-donnees-dans-tout-ca.pdf\" class=\"wp-block-file__button wp-element-button\" download aria-describedby=\"wp-block-file--media-7f6b7041-f9c8-40ec-ba9e-642e89bb921c\">T\u00e9l\u00e9charger<\/a><\/div>\n\n\n\n<p><\/p>\n\n\n\n<h3 class=\"wp-block-heading\">Pour aller plus loin<\/h3>\n\n\n\n<p><strong>Microsoft<\/strong><br><a href=\"https:\/\/video.lqdn.fr\/w\/9772f4a0-c025-4238-bfff-2ca473eceb54\" data-type=\"URL\" data-id=\"https:\/\/video.lqdn.fr\/w\/9772f4a0-c025-4238-bfff-2ca473eceb54\">Comment Microsoft am\u00e9liore Cortana, par la Quadrature du Net<\/a><br><br><strong>Zoom<\/strong><br><a href=\"https:\/\/www.eff.org\/deeplinks\/2020\/03\/what-you-should-know-about-online-tools-during-covid-19-crisis\">Les administrateurs de Zoom peuvent acc\u00e9der aux conversations, y compris les conversations<br>enregistr\u00e9es<\/a> <\/p>\n\n\n\n<h3 class=\"wp-block-heading\">Quelques-unes des actions, amendes et condamnations<br>contre des GAFAM<\/h3>\n\n\n\n<div class=\"wp-block-file\"><a id=\"wp-block-file--media-8ee1fee9-43dd-4f6e-a39d-42b053e00d98\" href=\"https:\/\/numethic.education\/wp-content\/uploads\/2022\/06\/Actions-et-condamnations-GAFAM-3.pdf\">Actions-et-condamnations-GAFAM-3<\/a><a href=\"https:\/\/numethic.education\/wp-content\/uploads\/2022\/06\/Actions-et-condamnations-GAFAM-3.pdf\" class=\"wp-block-file__button wp-element-button\" download aria-describedby=\"wp-block-file--media-8ee1fee9-43dd-4f6e-a39d-42b053e00d98\">T\u00e9l\u00e9charger<\/a><\/div>\n\n\n\n<h3 class=\"wp-block-heading\">Formulaire bidon<\/h3>\n\n\n\n<div class=\"wp-block-file\"><a id=\"wp-block-file--media-d8aa6d3f-d5f9-432f-a267-cc5cfa8ca45f\" href=\"https:\/\/numethic.education\/wp-content\/uploads\/2022\/06\/Formulaire-bidon-1.pdf\">Formulaire-bidon-1<\/a><a href=\"https:\/\/numethic.education\/wp-content\/uploads\/2022\/06\/Formulaire-bidon-1.pdf\" class=\"wp-block-file__button wp-element-button\" download aria-describedby=\"wp-block-file--media-d8aa6d3f-d5f9-432f-a267-cc5cfa8ca45f\">T\u00e9l\u00e9charger<\/a><\/div>\n\n\n\n<h2 class=\"wp-block-heading\">Pr\u00e9sentation de l\u2019<a href=\"https:\/\/abelli-asbl.be\/\" data-type=\"URL\" data-id=\"https:\/\/abelli-asbl.be\/\">asbl Abelli<\/a> et de son projet de loi encadrant le RGPD dans les \u00e9tablissements scolaires<\/h2>\n\n\n\n<div data-wp-interactive=\"core\/file\" class=\"wp-block-file\"><object data-wp-bind--hidden=\"!state.hasPdfPreview\" hidden class=\"wp-block-file__embed\" data=\"https:\/\/numethic.education\/wp-content\/uploads\/2022\/06\/RGPDecoles-1.pdf\" type=\"application\/pdf\" style=\"width:100%;height:350px\" aria-label=\"Contenu embarqu\u00e9 RGPDecoles-1.\"><\/object><a id=\"wp-block-file--media-bd4800a2-3ba3-4967-a50c-b210f5388a67\" href=\"https:\/\/numethic.education\/wp-content\/uploads\/2022\/06\/RGPDecoles-1.pdf\">RGPDecoles-1<\/a><a href=\"https:\/\/numethic.education\/wp-content\/uploads\/2022\/06\/RGPDecoles-1.pdf\" class=\"wp-block-file__button wp-element-button\" download aria-describedby=\"wp-block-file--media-bd4800a2-3ba3-4967-a50c-b210f5388a67\">T\u00e9l\u00e9charger<\/a><\/div>\n\n\n\n<h1 class=\"wp-block-heading\"><strong>Organisation de la journ\u00e9e :<\/strong><\/h1>\n\n\n\n<ul class=\"wp-block-list\">\n<li>9h30 &#8211; Accueil avec caf\u00e9 et th\u00e9<\/li>\n\n\n\n<li>10h &#8211; 10h45 &#8211; Rencontres en pl\u00e9ni\u00e8re\u00a0:<ul><li>Pr\u00e9sentation de l\u2019asbl Num\u00e9thic &#8211; Qui sommes-nous ?<\/li><\/ul>\n<ul class=\"wp-block-list\">\n<li>Les logiciels libres dans les \u00e9coles\u00a0: tour d\u2019horizon des possibilit\u00e9s<\/li>\n\n\n\n<li>Pr\u00e9sentation de l&rsquo;<a href=\"https:\/\/www.philocite.eu\/\">asbl Philocit\u00e9<\/a><\/li>\n<\/ul>\n<\/li>\n\n\n\n<li>10h45 &#8211; 11h00 &#8211; Pause<\/li>\n\n\n\n<li>11h00- 12h30 &#8211; Ateliers du matin :\n<ul class=\"wp-block-list\">\n<li><strong>A.<\/strong><strong>Des outils libres en ligne\u00a0: Moodle et La Digitale <\/strong>\n<ul class=\"wp-block-list\">\n<li>Contrairement \u00e0 certaines id\u00e9es re\u00e7ues, des outils num\u00e9riques en ligne, libres, faciles d\u2019utilisation, fonctionnels, efficients, gratuits et respectueux des donn\u00e9es personnelles existent. Cet atelier se focalisera sur 2 d\u2019entre eux\u00a0: Moodle et La Digitale qui en r\u00e9alit\u00e9 sont plus des boites \u00e0 outils. Nous montrerons comment utiliser certains de leurs dispositifs et nous nous questionnerons sur les opportunit\u00e9s notamment p\u00e9dagogiques et \u00e9thiques de telles solutions num\u00e9riques.<\/li>\n<\/ul>\n<\/li>\n\n\n\n<li><strong>B.<\/strong><strong>Atelier de construction d&rsquo;\u00e9thiques des TICE<\/strong>\n<ul class=\"wp-block-list\">\n<li>Dans cet atelier, nous partirons des exp\u00e9riences des participants avec les TICE et en particulier des probl\u00e8mes qu\u2019ils rencontrent. Nous nous interrogerons sur les rapports culturels que nous entretenons avec les objets techniques et comment nous les approprier afin qu\u2019ils servent nos objectifs (p\u00e9dagogiques, institutionnels, soci\u00e9taux\u2026).<\/li>\n<\/ul>\n<\/li>\n<\/ul>\n<\/li>\n<\/ul>\n\n\n\n<ul class=\"wp-block-list\">\n<li>12h30 &#8211; 13h30 &#8211; Repas <\/li>\n\n\n\n<li>13h30 &#8211; 15h00 &#8211; Ateliers de l&rsquo;apr\u00e8s-midi :\n<ul class=\"wp-block-list\">\n<li><strong>C. Num\u00e9rique et \u00e9cologie : un duo gagnant ?<\/strong>\n<ul class=\"wp-block-list\">\n<li>Dans chaque ordinateur, tablette ou smartphone se cachent de nombreux m\u00e9taux. Cet atelier nous permettra de partir \u00e0 leur rencontre, mais surtout de voir quels sont les impacts environnementaux, sociaux et sanitaires li\u00e9s \u00e0 leur extraction dans les mines.<\/li>\n<\/ul>\n<\/li>\n\n\n\n<li><strong>D. S\u00e9curit\u00e9 et d\u00e9mocratie : et nos donn\u00e9es dans tout \u00e7a ? Le point sur le RGPD, la fuite de donn\u00e9es et les donn\u00e9es induites<\/strong>\n<ul class=\"wp-block-list\">\n<li>Durant cet atelier, nous partirons des services et logiciels utilis\u00e9s habituellement par les participants afin de d\u00e9terminer comment les donn\u00e9es qu\u2019ils donnent et surtout celles qu\u2019ils ne donnent pas sont collect\u00e9es, analys\u00e9es et utilis\u00e9es. Nous chercherons ensuite \u00e0 d\u00e9terminer quel impact cela peut avoir sur la s\u00e9curit\u00e9 individuelle et sur la collectivit\u00e9. Nous d\u00e9couvrirons ensuite ce qu\u2019est le RGPD et comment il prot\u00e8ge le citoyen europ\u00e9en.<\/li>\n<\/ul>\n<\/li>\n<\/ul>\n<\/li>\n\n\n\n<li>15h00 &#8211; 16h\u00a0: Retour en pl\u00e9ni\u00e8re\n<ul class=\"wp-block-list\">\n<li>Pr\u00e9sentation de l\u2019<a href=\"https:\/\/abelli-asbl.be\/\" data-type=\"URL\" data-id=\"https:\/\/abelli-asbl.be\/\">asbl Abelli<\/a> et de son projet de loi encadrant le RGPD dans les \u00e9tablissements scolaires<\/li>\n\n\n\n<li>S\u00e9ance de questions-r\u00e9ponses, conclusion<\/li>\n<\/ul>\n<\/li>\n<\/ul>\n\n\n\n<p><strong>Informations pratiques&nbsp;:<\/strong><\/p>\n\n\n\n<p><strong>Quand&nbsp;? <\/strong>Le samedi 28 mai 2022<\/p>\n\n\n\n<p><strong>O\u00f9&nbsp;?<\/strong> <a href=\"https:\/\/espacekegeljan.be\/acces-a-lespace-kegljan\/\">\u00c0 l\u2019Espace Kegeljan Rue Henri Lecocq 47 5000 Salzinnes (Namur)<\/a> \u2013 le site est facile d\u2019acc\u00e8s en transport en commun (ligne TEC 5) et un parking sera disponible.<\/p>\n\n\n\n<p><strong>Pour qui&nbsp;?<\/strong> Personnel enseignant (primaire, secondaire, sup\u00e9rieur \u2013 tous r\u00e9seaux), directeur d\u2019\u00e9tablissement, parents, toute personne int\u00e9ress\u00e9e par le sujet&#8230;<\/p>\n\n\n\n<p><strong>Modalit\u00e9s d&rsquo;inscription :<\/strong><\/p>\n\n\n\n<ul class=\"wp-block-list\">\n<li>Frais d&rsquo;inscription : le montant, par personne, est de 6\u20ac pour l&rsquo;inscription ou tout montant sup\u00e9rieur de votre choix pour soutenir notre jeune ASBL, et de 6\u20ac suppl\u00e9mentaire si vous prenez un sandwich.<\/li>\n<\/ul>\n\n\n\n<ul class=\"wp-block-list\">\n<li>Des sandwichs de toutes sortes seront propos\u00e9s sur le temps de midi pour un montant de 6\u20ac (en plus des frais d&rsquo;inscription).<\/li>\n<\/ul>\n\n\n\n<ul class=\"wp-block-list\">\n<li><a href=\"https:\/\/framaforms.org\/inscription-a-la-journee-du-28-mai-1648051277\" target=\"_blank\" rel=\"noreferrer noopener\">Formulaire en ligne <\/a>\u00e0 remplir<\/li>\n<\/ul>\n\n\n\n<div class=\"wp-block-group\"><div class=\"wp-block-group__inner-container is-layout-flow wp-block-group-is-layout-flow\">\n<div class=\"wp-block-columns is-layout-flex wp-container-core-columns-is-layout-9d6595d7 wp-block-columns-is-layout-flex\">\n<div class=\"wp-block-column is-vertically-aligned-top is-layout-flow wp-block-column-is-layout-flow\"><\/div>\n<\/div>\n<\/div><\/div>\n\n\n\n<p><strong>Pour toutes informations compl\u00e9mentaires<\/strong>, vous pouvez nous contacter \u00e0 info arobase numethic point education<\/p>\n","protected":false},"excerpt":{"rendered":"<p>Pour un num\u00e9rique \u00e9thique dans l&rsquo;enseignement Motivations de cette rencontre Le num\u00e9rique a fait son entr\u00e9e dans l\u2019enseignement, devenant un outil p\u00e9dagogique quasi indispensable. Les projets fleurissent&nbsp;: \u00ab&nbsp;un ordinateur par [&hellip;]<\/p>\n","protected":false},"author":2,"featured_media":0,"parent":0,"menu_order":0,"comment_status":"open","ping_status":"closed","template":"","meta":{"ocean_post_layout":"right-sidebar","ocean_both_sidebars_style":"","ocean_both_sidebars_content_width":0,"ocean_both_sidebars_sidebars_width":0,"ocean_sidebar":"0","ocean_second_sidebar":"0","ocean_disable_margins":"enable","ocean_add_body_class":"","ocean_shortcode_before_top_bar":"","ocean_shortcode_after_top_bar":"","ocean_shortcode_before_header":"","ocean_shortcode_after_header":"","ocean_has_shortcode":"","ocean_shortcode_after_title":"","ocean_shortcode_before_footer_widgets":"","ocean_shortcode_after_footer_widgets":"","ocean_shortcode_before_footer_bottom":"","ocean_shortcode_after_footer_bottom":"","ocean_display_top_bar":"default","ocean_display_header":"default","ocean_header_style":"","ocean_center_header_left_menu":"0","ocean_custom_header_template":"0","ocean_custom_logo":0,"ocean_custom_retina_logo":0,"ocean_custom_logo_max_width":0,"ocean_custom_logo_tablet_max_width":0,"ocean_custom_logo_mobile_max_width":0,"ocean_custom_logo_max_height":0,"ocean_custom_logo_tablet_max_height":0,"ocean_custom_logo_mobile_max_height":0,"ocean_header_custom_menu":"0","ocean_menu_typo_font_family":"0","ocean_menu_typo_font_subset":"","ocean_menu_typo_font_size":0,"ocean_menu_typo_font_size_tablet":0,"ocean_menu_typo_font_size_mobile":0,"ocean_menu_typo_font_size_unit":"px","ocean_menu_typo_font_weight":"","ocean_menu_typo_font_weight_tablet":"","ocean_menu_typo_font_weight_mobile":"","ocean_menu_typo_transform":"","ocean_menu_typo_transform_tablet":"","ocean_menu_typo_transform_mobile":"","ocean_menu_typo_line_height":0,"ocean_menu_typo_line_height_tablet":0,"ocean_menu_typo_line_height_mobile":0,"ocean_menu_typo_line_height_unit":"","ocean_menu_typo_spacing":0,"ocean_menu_typo_spacing_tablet":0,"ocean_menu_typo_spacing_mobile":0,"ocean_menu_typo_spacing_unit":"","ocean_menu_link_color":"","ocean_menu_link_color_hover":"","ocean_menu_link_color_active":"","ocean_menu_link_background":"","ocean_menu_link_hover_background":"","ocean_menu_link_active_background":"","ocean_menu_social_links_bg":"","ocean_menu_social_hover_links_bg":"","ocean_menu_social_links_color":"","ocean_menu_social_hover_links_color":"","ocean_disable_title":"default","ocean_disable_heading":"default","ocean_post_title":"","ocean_post_subheading":"","ocean_post_title_style":"","ocean_post_title_background_color":"","ocean_post_title_background":0,"ocean_post_title_bg_image_position":"","ocean_post_title_bg_image_attachment":"","ocean_post_title_bg_image_repeat":"","ocean_post_title_bg_image_size":"","ocean_post_title_height":0,"ocean_post_title_bg_overlay":0.5,"ocean_post_title_bg_overlay_color":"","ocean_disable_breadcrumbs":"default","ocean_breadcrumbs_color":"","ocean_breadcrumbs_separator_color":"","ocean_breadcrumbs_links_color":"","ocean_breadcrumbs_links_hover_color":"","ocean_display_footer_widgets":"default","ocean_display_footer_bottom":"default","ocean_custom_footer_template":"0","footnotes":""},"class_list":["post-348","page","type-page","status-publish","hentry","entry"],"_links":{"self":[{"href":"https:\/\/numethic.education\/index.php?rest_route=\/wp\/v2\/pages\/348","targetHints":{"allow":["GET"]}}],"collection":[{"href":"https:\/\/numethic.education\/index.php?rest_route=\/wp\/v2\/pages"}],"about":[{"href":"https:\/\/numethic.education\/index.php?rest_route=\/wp\/v2\/types\/page"}],"author":[{"embeddable":true,"href":"https:\/\/numethic.education\/index.php?rest_route=\/wp\/v2\/users\/2"}],"replies":[{"embeddable":true,"href":"https:\/\/numethic.education\/index.php?rest_route=%2Fwp%2Fv2%2Fcomments&post=348"}],"version-history":[{"count":20,"href":"https:\/\/numethic.education\/index.php?rest_route=\/wp\/v2\/pages\/348\/revisions"}],"predecessor-version":[{"id":732,"href":"https:\/\/numethic.education\/index.php?rest_route=\/wp\/v2\/pages\/348\/revisions\/732"}],"wp:attachment":[{"href":"https:\/\/numethic.education\/index.php?rest_route=%2Fwp%2Fv2%2Fmedia&parent=348"}],"curies":[{"name":"wp","href":"https:\/\/api.w.org\/{rel}","templated":true}]}}