{"id":509,"date":"2024-02-19T11:45:56","date_gmt":"2024-02-19T10:45:56","guid":{"rendered":"https:\/\/numethic.education\/?page_id=509"},"modified":"2024-02-19T11:45:56","modified_gmt":"2024-02-19T10:45:56","slug":"services-de-formations-animations-variees","status":"publish","type":"page","link":"https:\/\/numethic.education\/?page_id=509","title":{"rendered":"Services de formations\/animations vari\u00e9es"},"content":{"rendered":"\n<p style=\"font-size:15px\">Vous souhaitez organiser une animation autour du num\u00e9rique \u00e9thique et libre? NumEthic vous propose plusieurs animations possibles, en une s\u00e9ance ou plusieurs, adapt\u00e9es \u00e0 votre public:<\/p>\n\n\n\n<div class=\"wp-block-media-text is-stacked-on-mobile\" style=\"grid-template-columns:38% auto\"><figure class=\"wp-block-media-text__media\"><img loading=\"lazy\" decoding=\"async\" width=\"1024\" height=\"873\" src=\"https:\/\/numethic.education\/wp-content\/uploads\/2021\/05\/undraw_privacy_protection_nlwy-1024x873.png\" alt=\"\" class=\"wp-image-243 size-full\" srcset=\"https:\/\/numethic.education\/wp-content\/uploads\/2021\/05\/undraw_privacy_protection_nlwy-1024x873.png 1024w, https:\/\/numethic.education\/wp-content\/uploads\/2021\/05\/undraw_privacy_protection_nlwy-300x256.png 300w, https:\/\/numethic.education\/wp-content\/uploads\/2021\/05\/undraw_privacy_protection_nlwy-768x655.png 768w, https:\/\/numethic.education\/wp-content\/uploads\/2021\/05\/undraw_privacy_protection_nlwy.png 1162w\" sizes=\"auto, (max-width: 1024px) 100vw, 1024px\" \/><\/figure><div class=\"wp-block-media-text__content\">\n<h2 class=\"wp-block-heading\">Num\u00e9rique &amp; Soci\u00e9t\u00e9<\/h2>\n\n\n\n<p>Le num\u00e9rique fait d\u00e9sormais partie int\u00e9grante de notre soci\u00e9t\u00e9&#8230; pour le meilleur et pour le pire ! Vous souhaitez approfondir un th\u00e8me de soci\u00e9t\u00e9 pour cultiver un regard critique sur la culture num\u00e9rique et les technologies associ\u00e9es? Ou bien sensibiliser votre public \u00e0 une utilisation responsable, citoyenne et prudente des m\u00e9dias num\u00e9riques?<br>Nous vous proposons des conf\u00e9rences\/animations sur mesure sur les th\u00e8mes suivants: <\/p>\n\n\n\n<ul class=\"wp-block-list\">\n<li>Outils libres<\/li>\n\n\n\n<li>Capitalisme de surveillance &amp; d\u00e9mocratie<\/li>\n\n\n\n<li>Intelligence artificielle et \u00e9ducation (en cours)<\/li>\n\n\n\n<li>&#8230;<\/li>\n<\/ul>\n<\/div><\/div>\n\n\n\n<div class=\"wp-block-media-text is-stacked-on-mobile\" style=\"grid-template-columns:30% auto\"><figure class=\"wp-block-media-text__media\"><img loading=\"lazy\" decoding=\"async\" width=\"838\" height=\"741\" src=\"https:\/\/numethic.education\/wp-content\/uploads\/2024\/02\/undraw_Blooming_re_2kc4.png\" alt=\"\" class=\"wp-image-510 size-full\" srcset=\"https:\/\/numethic.education\/wp-content\/uploads\/2024\/02\/undraw_Blooming_re_2kc4.png 838w, https:\/\/numethic.education\/wp-content\/uploads\/2024\/02\/undraw_Blooming_re_2kc4-300x265.png 300w, https:\/\/numethic.education\/wp-content\/uploads\/2024\/02\/undraw_Blooming_re_2kc4-768x679.png 768w\" sizes=\"auto, (max-width: 838px) 100vw, 838px\" \/><\/figure><div class=\"wp-block-media-text__content\">\n<h2 class=\"wp-block-heading\">Num\u00e9rique &amp; \u00e9cologie<\/h2>\n\n\n\n<p>Largement pr\u00e9sent\u00e9 comme une solution pour diminuer notre empreinte carbone, qu&rsquo;en est-il vraiment?<br>Tout en nous appuyant sur une approche factuelle, nous vous proposons une s\u00e9rie d&rsquo;animations compl\u00e9t\u00e9es par un espace de r\u00e9flexion philosophique pour entretenir une posture active chez chacun.<\/p>\n<\/div><\/div>\n\n\n\n<div class=\"wp-block-media-text is-stacked-on-mobile\"><figure class=\"wp-block-media-text__media\"><img loading=\"lazy\" decoding=\"async\" width=\"1024\" height=\"560\" src=\"https:\/\/numethic.education\/wp-content\/uploads\/2024\/02\/undraw_teamwork_hpdk-1024x560.png\" alt=\"\" class=\"wp-image-511 size-full\" srcset=\"https:\/\/numethic.education\/wp-content\/uploads\/2024\/02\/undraw_teamwork_hpdk-1024x560.png 1024w, https:\/\/numethic.education\/wp-content\/uploads\/2024\/02\/undraw_teamwork_hpdk-300x164.png 300w, https:\/\/numethic.education\/wp-content\/uploads\/2024\/02\/undraw_teamwork_hpdk-768x420.png 768w, https:\/\/numethic.education\/wp-content\/uploads\/2024\/02\/undraw_teamwork_hpdk.png 1137w\" sizes=\"auto, (max-width: 1024px) 100vw, 1024px\" \/><\/figure><div class=\"wp-block-media-text__content\">\n<h2 class=\"wp-block-heading\">Le num\u00e9rique en pratique!<\/h2>\n\n\n\n<p>Afin de d\u00e9velopper une culture num\u00e9rique \u00e9mancipatrice, nous proposons \u00e9galement des formations sur mesure concernant :<\/p>\n\n\n\n<ul class=\"wp-block-list\">\n<li>les logiciels libres (suite LibreOffice, Moodle, Linux)<\/li>\n\n\n\n<li>d\u00e9montage d&rsquo;un ordinateur<\/li>\n\n\n\n<li>initiation \u00e0 la programmation<\/li>\n\n\n\n<li>&#8230;<\/li>\n<\/ul>\n<\/div><\/div>\n\n\n\n<p style=\"font-size:15px\">Des questions, des demandes? Nous nous ferons un plaisir de vous r\u00e9pondre.<\/p>\n\n\n\n<div class=\"wp-block-buttons is-layout-flex wp-block-buttons-is-layout-flex\">\n<div class=\"wp-block-button\"><a class=\"wp-block-button__link wp-element-button\" href=\"https:\/\/numethic.education\/?page_id=21\" target=\"_blank\" rel=\"noreferrer noopener\">Nous contacter<\/a><\/div>\n<\/div>\n","protected":false},"excerpt":{"rendered":"<p>Vous souhaitez organiser une animation autour du num\u00e9rique \u00e9thique et libre? NumEthic vous propose plusieurs animations possibles, en une s\u00e9ance ou plusieurs, adapt\u00e9es \u00e0 votre public: Num\u00e9rique &amp; \u00e9cologie Largement [&hellip;]<\/p>\n","protected":false},"author":6,"featured_media":0,"parent":473,"menu_order":0,"comment_status":"closed","ping_status":"closed","template":"","meta":{"ocean_post_layout":"","ocean_both_sidebars_style":"","ocean_both_sidebars_content_width":0,"ocean_both_sidebars_sidebars_width":0,"ocean_sidebar":"","ocean_second_sidebar":"","ocean_disable_margins":"enable","ocean_add_body_class":"","ocean_shortcode_before_top_bar":"","ocean_shortcode_after_top_bar":"","ocean_shortcode_before_header":"","ocean_shortcode_after_header":"","ocean_has_shortcode":"","ocean_shortcode_after_title":"","ocean_shortcode_before_footer_widgets":"","ocean_shortcode_after_footer_widgets":"","ocean_shortcode_before_footer_bottom":"","ocean_shortcode_after_footer_bottom":"","ocean_display_top_bar":"default","ocean_display_header":"default","ocean_header_style":"","ocean_center_header_left_menu":"","ocean_custom_header_template":"","ocean_custom_logo":0,"ocean_custom_retina_logo":0,"ocean_custom_logo_max_width":0,"ocean_custom_logo_tablet_max_width":0,"ocean_custom_logo_mobile_max_width":0,"ocean_custom_logo_max_height":0,"ocean_custom_logo_tablet_max_height":0,"ocean_custom_logo_mobile_max_height":0,"ocean_header_custom_menu":"","ocean_menu_typo_font_family":"","ocean_menu_typo_font_subset":"","ocean_menu_typo_font_size":0,"ocean_menu_typo_font_size_tablet":0,"ocean_menu_typo_font_size_mobile":0,"ocean_menu_typo_font_size_unit":"px","ocean_menu_typo_font_weight":"","ocean_menu_typo_font_weight_tablet":"","ocean_menu_typo_font_weight_mobile":"","ocean_menu_typo_transform":"","ocean_menu_typo_transform_tablet":"","ocean_menu_typo_transform_mobile":"","ocean_menu_typo_line_height":0,"ocean_menu_typo_line_height_tablet":0,"ocean_menu_typo_line_height_mobile":0,"ocean_menu_typo_line_height_unit":"","ocean_menu_typo_spacing":0,"ocean_menu_typo_spacing_tablet":0,"ocean_menu_typo_spacing_mobile":0,"ocean_menu_typo_spacing_unit":"","ocean_menu_link_color":"","ocean_menu_link_color_hover":"","ocean_menu_link_color_active":"","ocean_menu_link_background":"","ocean_menu_link_hover_background":"","ocean_menu_link_active_background":"","ocean_menu_social_links_bg":"","ocean_menu_social_hover_links_bg":"","ocean_menu_social_links_color":"","ocean_menu_social_hover_links_color":"","ocean_disable_title":"default","ocean_disable_heading":"default","ocean_post_title":"","ocean_post_subheading":"","ocean_post_title_style":"","ocean_post_title_background_color":"","ocean_post_title_background":0,"ocean_post_title_bg_image_position":"","ocean_post_title_bg_image_attachment":"","ocean_post_title_bg_image_repeat":"","ocean_post_title_bg_image_size":"","ocean_post_title_height":0,"ocean_post_title_bg_overlay":0.5,"ocean_post_title_bg_overlay_color":"","ocean_disable_breadcrumbs":"default","ocean_breadcrumbs_color":"","ocean_breadcrumbs_separator_color":"","ocean_breadcrumbs_links_color":"","ocean_breadcrumbs_links_hover_color":"","ocean_display_footer_widgets":"default","ocean_display_footer_bottom":"default","ocean_custom_footer_template":"","footnotes":""},"class_list":["post-509","page","type-page","status-publish","hentry","entry"],"_links":{"self":[{"href":"https:\/\/numethic.education\/index.php?rest_route=\/wp\/v2\/pages\/509","targetHints":{"allow":["GET"]}}],"collection":[{"href":"https:\/\/numethic.education\/index.php?rest_route=\/wp\/v2\/pages"}],"about":[{"href":"https:\/\/numethic.education\/index.php?rest_route=\/wp\/v2\/types\/page"}],"author":[{"embeddable":true,"href":"https:\/\/numethic.education\/index.php?rest_route=\/wp\/v2\/users\/6"}],"replies":[{"embeddable":true,"href":"https:\/\/numethic.education\/index.php?rest_route=%2Fwp%2Fv2%2Fcomments&post=509"}],"version-history":[{"count":2,"href":"https:\/\/numethic.education\/index.php?rest_route=\/wp\/v2\/pages\/509\/revisions"}],"predecessor-version":[{"id":513,"href":"https:\/\/numethic.education\/index.php?rest_route=\/wp\/v2\/pages\/509\/revisions\/513"}],"up":[{"embeddable":true,"href":"https:\/\/numethic.education\/index.php?rest_route=\/wp\/v2\/pages\/473"}],"wp:attachment":[{"href":"https:\/\/numethic.education\/index.php?rest_route=%2Fwp%2Fv2%2Fmedia&parent=509"}],"curies":[{"name":"wp","href":"https:\/\/api.w.org\/{rel}","templated":true}]}}