{"id":541,"date":"2024-02-19T14:11:42","date_gmt":"2024-02-19T13:11:42","guid":{"rendered":"https:\/\/numethic.education\/?page_id=541"},"modified":"2024-02-20T15:52:59","modified_gmt":"2024-02-20T14:52:59","slug":"le-libre","status":"publish","type":"page","link":"https:\/\/numethic.education\/?page_id=541","title":{"rendered":"Le libre"},"content":{"rendered":"\n<p style=\"font-size:15px\">Au coeur de NumEthic se trouve le logiciel libre et sa philosophie.<\/p>\n\n\n\n<p style=\"font-size:15px\">Mais qu\u2019entend-on par \u00ab\u00a0libre\u00a0\u00bb\u00a0?<\/p>\n\n\n\n<h2 class=\"wp-block-heading\">Un peu d\u2019histoire<\/h2>\n\n\n\n<p style=\"font-size:15px\">Un logiciel est un programme qui permet de r\u00e9aliser des t\u00e2ches, par exemple r\u00e9duire la taille d\u2019une image. Il est \u00e9crit au d\u00e9part d\u2019un langage informatique qui s\u2019appelle code. Pour comprendre ce qu\u2019est un logiciel libre, il nous faut faire un bond dans le temps \u00e0 l\u2019\u00e8re du d\u00e9marrage de l\u2019informatique.<\/p>\n\n\n\n<p style=\"font-size:15px\">Nous sommes dans les ann\u00e9es 70. A cette \u00e9poque, l\u2019informatique n\u2019est qu\u2019\u00e0 ses balbutiements mais s\u2019av\u00e8re prometteur. Pour alimenter ce secteur \u00e9mergent, les ing\u00e9nieurs, math\u00e9maticiennes, chercheurs en informatique \u0153uvrent collectivement dans un contexte de travail ouvert. Cette collaboration r\u00e9sulte notamment d\u2019une n\u00e9cessit\u00e9 mat\u00e9rielle car \u00e0 l\u2019\u00e9poque, les outils techniques n\u00e9cessaires \u00e0 la recherche informatique \u00e9taient rares et surtout tr\u00e8s on\u00e9reux. Le corollaire positif de ce travail d\u2019\u00e9quipe est qu\u2019il permis d\u2019acc\u00e9l\u00e9rer les nouvelles d\u00e9couvertes.<\/p>\n\n\n\n<p style=\"font-size:15px\">Alors que la place \u00e9conomique qu\u2019occuperont l\u2019informatique et les logiciels se clarifie, l\u2019ambiance va changer en 1976, suite \u00e0 l\u2019intervention d\u2019un certain M. Gates (Bill de son surnom). Celui-ci plaide pour une protection accrue des cr\u00e9ations personnelles des d\u00e9veloppeurs. Son appel trouvera un \u00e9cho l\u00e9gislatif la m\u00eame ann\u00e9e lors de la publication du Copyright Act qui prot\u00e8ge les droits d\u2019auteur&nbsp;: d\u00e9sormais, pour copier un programme, il faudra d\u00e9sormais l\u2019accord de son auteur. A terme, cette loi sera renforc\u00e9e par le devoir d\u2019acheter une licence pour utiliser des logiciels&#8230; sans pour autant pouvoir en modifier le \u00ab&nbsp;code&nbsp;\u00bb.<\/p>\n\n\n\n<p style=\"font-size:15px\">Ce changement de paradigme dans la sph\u00e8re du d\u00e9veloppement informatique, priorisant les brevets priv\u00e9s au d\u00e9triment de la recherche et libert\u00e9 collective, n\u2019est pas du go\u00fbt de tout le monde. Un certain Richard Stallman, programmateur au MIT, y voit, outre un frein \u00e0 son travail personnel, un conflit \u00e9thique. Il d\u00e9cide alors de faire \u00e9voluer les droits des utilisateurs de logiciels afin de permettre la libre circulation des informations du code\u2026 pour tout le monde.<\/p>\n\n\n\n<p style=\"font-size:15px\">Ainsi naquit en 1983, sous son impulsion, le projet GNU et la philosophie du libre.<\/p>\n\n\n\n<h2 class=\"wp-block-heading\">Libert\u00e9s essentielles et copyleft<\/h2>\n\n\n\n<p style=\"font-size:15px\">Tout logiciel, programme ou syst\u00e8me d\u2019exploitation est dit \u00ab\u00a0libre\u00a0\u00bb s\u2019il permet les 4 libert\u00e9s suivantes\u00a0:<\/p>\n\n\n\n<blockquote class=\"wp-block-quote is-layout-flow wp-block-quote-is-layout-flow\">\n<p>0\u00b0 la libert\u00e9 d&rsquo;ex\u00e9cuter le programme, pour tous les usages\u00a0;<\/p>\n\n\n\n<p>1\u00b0 la libert\u00e9 d&rsquo;\u00e9tudier le fonctionnement du programme et de l&rsquo;adapter \u00e0 ses besoins\u00a0;<\/p>\n\n\n\n<p>2\u00b0 la libert\u00e9 de redistribuer des copies du programme (ce qui implique la possibilit\u00e9 aussi bien de donner que de vendre des copies)\u00a0;<\/p>\n\n\n\n<p>3\u00b0 la libert\u00e9 d&rsquo;am\u00e9liorer le programme et de distribuer ces am\u00e9liorations au public, pour en faire profiter toute la communaut\u00e9.<\/p>\n<cite>Source: <br>https:\/\/www.gnu.org\/philosophy\/free-sw.fr.html#four-freedoms<\/cite><\/blockquote>\n\n\n\n<p><\/p>\n\n\n\n<p style=\"font-size:15px\">Le fait que l\u2019utilisateur puisse modifier le logiciel implique donc <strong><span style=\"text-decoration: underline;\">que le code soit accessible<\/span><\/strong>, on dira qu\u2019il est \u00ab<strong>\u00a0open source<\/strong>\u00a0\u00bb. Tout logiciel libre est donc de facto open source (l&rsquo;inverse n&rsquo;\u00e9tant pas forc\u00e9ment vrai), mais pas n\u00e9cessairement gratuit\u00a0!<\/p>\n\n\n\n<div class=\"wp-block-media-text is-stacked-on-mobile\" style=\"grid-template-columns:35% auto\"><figure class=\"wp-block-media-text__media\"><img loading=\"lazy\" decoding=\"async\" width=\"980\" height=\"980\" src=\"https:\/\/numethic.education\/wp-content\/uploads\/2024\/02\/copyleft_png.png\" alt=\"\" class=\"wp-image-557 size-full\" srcset=\"https:\/\/numethic.education\/wp-content\/uploads\/2024\/02\/copyleft_png.png 980w, https:\/\/numethic.education\/wp-content\/uploads\/2024\/02\/copyleft_png-300x300.png 300w, https:\/\/numethic.education\/wp-content\/uploads\/2024\/02\/copyleft_png-150x150.png 150w, https:\/\/numethic.education\/wp-content\/uploads\/2024\/02\/copyleft_png-768x768.png 768w, https:\/\/numethic.education\/wp-content\/uploads\/2024\/02\/copyleft_png-600x600.png 600w\" sizes=\"auto, (max-width: 980px) 100vw, 980px\" \/><\/figure><div class=\"wp-block-media-text__content\">\n<p style=\"font-size:15px\">Afin de construire une communaut\u00e9 du libre, et d\u2019en maintenir le principe sur toutes les productions ult\u00e9rieures, l\u2019id\u00e9e du <strong>copyleft<\/strong> est n\u00e9e. Ce logo indique donc que <span style=\"text-decoration: underline;\">toutes nouvelles productions au d\u00e9part d\u2019un logiciel sous copyleft restent automatiquement dans le domaine du logiciel libre<\/span>, \u00e9vitant ainsi la cr\u00e9ation de logiciels privateurs au d\u00e9part de mat\u00e9riel libre.<\/p>\n\n\n\n<p class=\"has-small-font-size\">Source: Par Zscout370, Sertion, e.a. \u2014 Travail personnel, Domaine public, https:\/\/commons.wikimedia.org\/w\/index.php?curid=471020<\/p>\n<\/div><\/div>\n\n\n\n<p><\/p>\n\n\n\n<h2 class=\"wp-block-heading\">Libre&#8230; de quoi?<\/h2>\n\n\n\n<p style=\"font-size:15px\">Le concept de libert\u00e9 s\u2019est vu attribu\u00e9 de nombreuses d\u00e9finitions au fil des si\u00e8cles. La philosophie du libre rejoint la conception des Anciens de l\u2019Antiquit\u00e9 qui d\u00e9finissait la libert\u00e9 comme <strong>une participation active au pouvoir collectif<\/strong>, ancr\u00e9e sur le partage du pouvoir social.<\/p>\n\n\n\n<p style=\"font-size:15px\">Ainsi, choisir les logiciels libres ce n\u2019est pas choisir un produit tout fait\u00a0: <strong>c\u2019est offrir un chemin collectif vers un produit qui r\u00e9pond \u00e0 un besoin pr\u00e9cis, choisi par nous-m\u00eames.<\/strong><\/p>\n\n\n\n<p style=\"font-size:15px\">Alors, vous partez en voyage avec nous\u00a0?<\/p>\n\n\n\n<p class=\"has-small-font-size\"><em>Sources:<\/em><\/p>\n\n\n\n<p class=\"has-small-font-size\"><a href=\"https:\/\/fr.wikipedia.org\/wiki\/Histoire_du_logiciel_libre\">https:\/\/fr.wikipedia.org\/wiki\/Histoire_du_logiciel_libre<\/a><\/p>\n\n\n\n<p class=\"has-small-font-size\"><a href=\"https:\/\/fr.wikipedia.org\/wiki\/Logiciel_libre\">https:\/\/fr.wikipedia.org\/wiki\/Logiciel_libre<\/a><\/p>\n\n\n\n<p class=\"has-small-font-size\">https:\/\/www.gnu.org\/philosophy\/free-sw.fr.html#four-freedoms<\/p>\n\n\n\n<p class=\"has-small-font-size\">\u00ab\u00a0Terre et libert\u00e9 &#8211; la qu\u00eate d&rsquo;autonomie contre le fantasme de d\u00e9livrance\u00a0\u00bb de Aur\u00e9lien Berlan, \u00e9d. La Lenteur (2021)<\/p>\n","protected":false},"excerpt":{"rendered":"<p>Au coeur de NumEthic se trouve le logiciel libre et sa philosophie. Mais qu\u2019entend-on par \u00ab\u00a0libre\u00a0\u00bb\u00a0? Un peu d\u2019histoire Un logiciel est un programme qui permet de r\u00e9aliser des t\u00e2ches, [&hellip;]<\/p>\n","protected":false},"author":6,"featured_media":0,"parent":0,"menu_order":0,"comment_status":"closed","ping_status":"closed","template":"","meta":{"ocean_post_layout":"","ocean_both_sidebars_style":"","ocean_both_sidebars_content_width":0,"ocean_both_sidebars_sidebars_width":0,"ocean_sidebar":"","ocean_second_sidebar":"","ocean_disable_margins":"enable","ocean_add_body_class":"","ocean_shortcode_before_top_bar":"","ocean_shortcode_after_top_bar":"","ocean_shortcode_before_header":"","ocean_shortcode_after_header":"","ocean_has_shortcode":"","ocean_shortcode_after_title":"","ocean_shortcode_before_footer_widgets":"","ocean_shortcode_after_footer_widgets":"","ocean_shortcode_before_footer_bottom":"","ocean_shortcode_after_footer_bottom":"","ocean_display_top_bar":"default","ocean_display_header":"default","ocean_header_style":"","ocean_center_header_left_menu":"","ocean_custom_header_template":"","ocean_custom_logo":0,"ocean_custom_retina_logo":0,"ocean_custom_logo_max_width":0,"ocean_custom_logo_tablet_max_width":0,"ocean_custom_logo_mobile_max_width":0,"ocean_custom_logo_max_height":0,"ocean_custom_logo_tablet_max_height":0,"ocean_custom_logo_mobile_max_height":0,"ocean_header_custom_menu":"","ocean_menu_typo_font_family":"","ocean_menu_typo_font_subset":"","ocean_menu_typo_font_size":0,"ocean_menu_typo_font_size_tablet":0,"ocean_menu_typo_font_size_mobile":0,"ocean_menu_typo_font_size_unit":"px","ocean_menu_typo_font_weight":"","ocean_menu_typo_font_weight_tablet":"","ocean_menu_typo_font_weight_mobile":"","ocean_menu_typo_transform":"","ocean_menu_typo_transform_tablet":"","ocean_menu_typo_transform_mobile":"","ocean_menu_typo_line_height":0,"ocean_menu_typo_line_height_tablet":0,"ocean_menu_typo_line_height_mobile":0,"ocean_menu_typo_line_height_unit":"","ocean_menu_typo_spacing":0,"ocean_menu_typo_spacing_tablet":0,"ocean_menu_typo_spacing_mobile":0,"ocean_menu_typo_spacing_unit":"","ocean_menu_link_color":"","ocean_menu_link_color_hover":"","ocean_menu_link_color_active":"","ocean_menu_link_background":"","ocean_menu_link_hover_background":"","ocean_menu_link_active_background":"","ocean_menu_social_links_bg":"","ocean_menu_social_hover_links_bg":"","ocean_menu_social_links_color":"","ocean_menu_social_hover_links_color":"","ocean_disable_title":"default","ocean_disable_heading":"default","ocean_post_title":"","ocean_post_subheading":"","ocean_post_title_style":"","ocean_post_title_background_color":"","ocean_post_title_background":0,"ocean_post_title_bg_image_position":"","ocean_post_title_bg_image_attachment":"","ocean_post_title_bg_image_repeat":"","ocean_post_title_bg_image_size":"","ocean_post_title_height":0,"ocean_post_title_bg_overlay":0.5,"ocean_post_title_bg_overlay_color":"","ocean_disable_breadcrumbs":"default","ocean_breadcrumbs_color":"","ocean_breadcrumbs_separator_color":"","ocean_breadcrumbs_links_color":"","ocean_breadcrumbs_links_hover_color":"","ocean_display_footer_widgets":"default","ocean_display_footer_bottom":"default","ocean_custom_footer_template":"","footnotes":""},"class_list":["post-541","page","type-page","status-publish","hentry","entry"],"_links":{"self":[{"href":"https:\/\/numethic.education\/index.php?rest_route=\/wp\/v2\/pages\/541","targetHints":{"allow":["GET"]}}],"collection":[{"href":"https:\/\/numethic.education\/index.php?rest_route=\/wp\/v2\/pages"}],"about":[{"href":"https:\/\/numethic.education\/index.php?rest_route=\/wp\/v2\/types\/page"}],"author":[{"embeddable":true,"href":"https:\/\/numethic.education\/index.php?rest_route=\/wp\/v2\/users\/6"}],"replies":[{"embeddable":true,"href":"https:\/\/numethic.education\/index.php?rest_route=%2Fwp%2Fv2%2Fcomments&post=541"}],"version-history":[{"count":4,"href":"https:\/\/numethic.education\/index.php?rest_route=\/wp\/v2\/pages\/541\/revisions"}],"predecessor-version":[{"id":559,"href":"https:\/\/numethic.education\/index.php?rest_route=\/wp\/v2\/pages\/541\/revisions\/559"}],"wp:attachment":[{"href":"https:\/\/numethic.education\/index.php?rest_route=%2Fwp%2Fv2%2Fmedia&parent=541"}],"curies":[{"name":"wp","href":"https:\/\/api.w.org\/{rel}","templated":true}]}}