{"id":733,"date":"2026-03-13T10:26:08","date_gmt":"2026-03-13T09:26:08","guid":{"rendered":"https:\/\/numethic.education\/?page_id=733"},"modified":"2026-03-15T21:44:36","modified_gmt":"2026-03-15T20:44:36","slug":"journee-rencontre-et-ateliers-du-11-avril-2026","status":"publish","type":"page","link":"https:\/\/numethic.education\/?page_id=733","title":{"rendered":"Journ\u00e9e rencontre et ateliers du 11 avril 2026"},"content":{"rendered":"\n<h2 class=\"wp-block-heading\">Pour un num\u00e9rique \u00e9thique dans l&rsquo;\u00e9ducation<\/h2>\n\n\n\n<div class=\"wp-block-buttons is-content-justification-center is-layout-flex wp-container-core-buttons-is-layout-5590e8cb wp-block-buttons-is-layout-flex\">\n<div class=\"wp-block-button is-style-outline is-style-outline--1\"><a class=\"wp-block-button__link wp-element-button\" href=\"#infos\">Infos pratiques<\/a><\/div>\n\n\n\n<div class=\"wp-block-button is-style-outline is-style-outline--2\"><a class=\"wp-block-button__link wp-element-button\" href=\"https:\/\/cloud.numethic.education\/apps\/forms\/s\/JTQxZ4LzpDEiTwQHEMbLLaN2\">Inscription<\/a><\/div>\n\n\n\n<div class=\"wp-block-button is-style-outline is-style-outline--3\"><a class=\"wp-block-button__link wp-element-button\" href=\"#programme\">Programme<\/a><\/div>\n<\/div>\n\n\n\n<div style=\"height:20px\" aria-hidden=\"true\" class=\"wp-block-spacer\"><\/div>\n\n\n\n<div class=\"wp-block-columns alignwide is-layout-flex wp-container-core-columns-is-layout-9d6595d7 wp-block-columns-is-layout-flex\">\n<div class=\"wp-block-column is-layout-flow wp-block-column-is-layout-flow\" style=\"flex-basis:50%\">\n<figure class=\"wp-block-image size-full\"><img loading=\"lazy\" decoding=\"async\" width=\"1414\" height=\"2000\" src=\"https:\/\/numethic.education\/wp-content\/uploads\/2026\/03\/Affiche-journee-Numethic-11-4-2026.png\" alt=\"\" class=\"wp-image-751\" srcset=\"https:\/\/numethic.education\/wp-content\/uploads\/2026\/03\/Affiche-journee-Numethic-11-4-2026.png 1414w, https:\/\/numethic.education\/wp-content\/uploads\/2026\/03\/Affiche-journee-Numethic-11-4-2026-212x300.png 212w, https:\/\/numethic.education\/wp-content\/uploads\/2026\/03\/Affiche-journee-Numethic-11-4-2026-724x1024.png 724w, https:\/\/numethic.education\/wp-content\/uploads\/2026\/03\/Affiche-journee-Numethic-11-4-2026-768x1086.png 768w, https:\/\/numethic.education\/wp-content\/uploads\/2026\/03\/Affiche-journee-Numethic-11-4-2026-1086x1536.png 1086w\" sizes=\"auto, (max-width: 1414px) 100vw, 1414px\" \/><\/figure>\n<\/div>\n\n\n\n<div class=\"wp-block-column is-layout-flow wp-block-column-is-layout-flow\" style=\"flex-basis:50%\">\n<h3 class=\"wp-block-heading\">Motivations de cette rencontre<\/h3>\n\n\n\n<p>En 2022, lors de notre <a href=\"https:\/\/numethic.education\/?page_id=348\" target=\"_blank\" rel=\"noreferrer noopener\">premi\u00e8re journ\u00e9e de rencontres<\/a>, nous faisions l&rsquo;observation d&rsquo;une entr\u00e9e massive et rapide du num\u00e9rique dans l&rsquo;enseignement suite \u00e0 la crise sanitaire. Force est de constater qu&rsquo;en 2026, son recours est devenu une n\u00e9cessit\u00e9 structurelle et non plus limit\u00e9e aux seules visioconf\u00e9rences. Arrivent d&rsquo;une part de nouveaux cours sur le num\u00e9rique dans le tronc commun. D&rsquo;autre part viennent de nouvelles pratiques pour s&rsquo;organiser, communiquer et m\u00eame, avec l&rsquo;arriv\u00e9e de l&rsquo;\u00ab&nbsp;intelligence artificielle&nbsp;\u00bb, penser. Le ph\u00e9nom\u00e8ne du num\u00e9rique actuel n&rsquo;est pas qu&rsquo;une \u00ab&nbsp;\u00e9volution technique&nbsp;\u00bb, elle est une transformation culturelle profonde de notre repr\u00e9sentation du monde, de nos rapports sociaux, et plus visiblement, de nos pratiques : rien de moins qu&rsquo;une reconfiguration rapide de nos rep\u00e8res. Notre appel pr\u00e9c\u00e9dent n&rsquo;en est que plus l\u00e9gitime&nbsp;: <em>l&rsquo;<\/em><em>\u00e9thique du num\u00e9rique \u00e0 l\u2019\u00e9cole est \u00e0 construire, elle a besoin d\u2019acteurs forts, conscients et cr\u00e9atifs. <\/em><em>Rejoignez-nous le samedi 11 avril 2026 pour r\u00e9fl\u00e9chir ensemble \u00e0 la question et trouver des pistes d\u2019actions&nbsp;!<\/em><\/p>\n<\/div>\n<\/div>\n\n\n\n<p>Pour cette journ\u00e9e, nous \u00e9largissons l\u00e9g\u00e8rement notre th\u00e9matique, de l&rsquo;enseignement \u00e0 l&rsquo;\u00e9ducation. Car si nous voulons penser le num\u00e9rique dans l&rsquo;enseignement de mani\u00e8re sp\u00e9cifique, nous avons besoin de penser le num\u00e9rique dans l&rsquo;\u00e9ducation de mani\u00e8re g\u00e9n\u00e9rale. C&rsquo;est \u00e9galement l&rsquo;occasion de vous pr\u00e9senter le fruit d&rsquo;une ann\u00e9e de travail, un <a href=\"https:\/\/ia.numethic.education\/\" target=\"_blank\" rel=\"noreferrer noopener\">livret d&rsquo;\u00ab&nbsp;autoformation&nbsp;\u00bb<\/a> sur l&rsquo;IA : <em>Questionner l&rsquo;IA, son monde, son histoire et sa culture<\/em>. Celui-ci s&rsquo;adresse \u00e0 un public plus g\u00e9n\u00e9ral que celui de l&rsquo;enseignement, le monde associatif, les Espaces Publics Num\u00e9riques etc., mais n&rsquo;en est pas moins pertinent pour les \u00e9coles (avec des ateliers \u00e0 faire en classe&nbsp;!).<\/p>\n\n\n\n<p>La journ\u00e9e sera divis\u00e9e en deux parties. Le matin nous commencerons avec une conf\u00e9rence donn\u00e9e par <a href=\"https:\/\/organoesis.org\/anne-alombert\">Anne Alombert<\/a>, enseignante-chercheuse \u00e0 l&rsquo;Universit\u00e9 Paris 8 et autrice notamment de \u00ab&nbsp;<strong>De la b\u00eatise artificielle<\/strong>&nbsp;\u00bb.<br>L&rsquo;apr\u00e8s-midi quant \u00e0 elle sera constitu\u00e9e de deux ateliers en parall\u00e8le, l&rsquo;un sur l&rsquo;\u00abintelligence artificielle\u00bb et l&rsquo;autre sur le num\u00e9rique \u00e9thique \u00e0 l&rsquo;\u00e9cole.<\/p>\n\n\n\n<h2 class=\"wp-block-heading\" id=\"programme\">Organisation de la journ\u00e9e<\/h2>\n\n\n\n<ul class=\"wp-block-list\">\n<li>9h30 \u2013 Accueil avec caf\u00e9 et th\u00e9<\/li>\n\n\n\n<li>10h00 \u2013 Mot d&rsquo;accueil et conf\u00e9rence d&rsquo;Anne Alombert sur l&rsquo;\u00abintelligence artificielle\u00bb<\/li>\n\n\n\n<li>12h00 \u2013 Repas de midi<\/li>\n\n\n\n<li>13h30 \u2013 Ateliers\n<ul class=\"wp-block-list\">\n<li><strong>A. L&rsquo;intelligence artificielle<\/strong>. Comment nous mobilise-t-elle et comment la mobilisons-nous ? Un atelier participatif et r\u00e9flexif tir\u00e9 de notre <a href=\"https:\/\/ia.numethic.education\/\">livret d&rsquo;autoformation \u00e0 l&rsquo;IA<\/a>.<\/li>\n\n\n\n<li><strong>B. Le num\u00e9rique \u00e9thique \u00e0 l&rsquo;\u00e9cole<\/strong>. Atelier de discussion sur le num\u00e9rique \u00e9thique dans l&rsquo;enseignement. Comment l&rsquo;envisager ? Le pratiquer ? Retour d&rsquo;exp\u00e9riences et r\u00e9flexions.<\/li>\n<\/ul>\n<\/li>\n\n\n\n<li>15h30 \u2013 S\u00e9ance de questions-r\u00e9ponses en pl\u00e9ni\u00e8re et conclusion<\/li>\n\n\n\n<li>16h00 fin de la journ\u00e9e<\/li>\n<\/ul>\n\n\n\n<h2 class=\"wp-block-heading\" id=\"infos\">Informations pratiques<\/h2>\n\n\n\n<p><strong>Pour qui ?<\/strong> Personnel enseignant (primaire, secondaire, sup\u00e9rieur \u2013 tous r\u00e9seaux), directeur d\u2019\u00e9tablissement, parents, secteur associatif, toute personne int\u00e9ress\u00e9e par le sujet\u2026<\/p>\n\n\n\n<p><strong>Adresse<\/strong> : <a href=\"https:\/\/www.openstreetmap.org\/search?lat=50.646646&amp;lon=5.581886&amp;zoom=19#map=19\/50.646647\/5.581886\">Rue Hongr\u00e9e 6B \u00e0 4000 Li\u00e8ge<\/a>.<br><strong>Tram<\/strong> : arr\u00eat F\u00e9ronstr\u00e9e (\u00e0 150m \u00e0 pied).<br><strong>Train<\/strong> : Li\u00e8ge-Saint-Lambert (\u00e0 900m \u00e0 pied).<br><strong>Voiture<\/strong> : on vous conseille fortement de vous garer au P+R de Bressoux, \u00e0 moins de 10 minutes en tram de l&rsquo;arr\u00eat F\u00e9ronstr\u00e9e.<br>Vous b\u00e9n\u00e9ficiez d&rsquo;un tarif pr\u00e9f\u00e9rentiel si vous validez votre ticket de tram : <strong>1,5\u20ac pour le parking toute la journ\u00e9e<\/strong>, plut\u00f4t que 1\u20ac\/heure.<br>Le ticket journ\u00e9e tram\/bus co\u00fbte 6\u20ac<br>D\u00e9tails ici : <a href=\"https:\/\/www.letec.be\/View\/Le_PR_Liege_-_Bressoux\/4508\">https:\/\/www.letec.be\/View\/Le_PR_Liege_-_Bressoux\/4508<\/a><\/p>\n\n\n\n<p id=\"inscription\"><strong>Modalit\u00e9s d&rsquo;inscription :<\/strong><\/p>\n\n\n\n<ul class=\"wp-block-list\">\n<li>Frais d\u2019inscription : le montant, par personne, est de 5\u20ac pour l\u2019inscription et de 7,50\u20ac suppl\u00e9mentaire si vous prenez un sandwich.<\/li>\n\n\n\n<li>Des sandwichs de toutes sortes seront propos\u00e9s sur le temps de midi pour un montant de 7,50\u20ac (en plus des frais d\u2019inscription).<\/li>\n\n\n\n<li><a href=\"https:\/\/cloud.numethic.education\/apps\/forms\/s\/JTQxZ4LzpDEiTwQHEMbLLaN2\" target=\"_blank\" rel=\"noreferrer noopener nofollow\">Formulaire en ligne<\/a> \u00e0 remplir.<\/li>\n<\/ul>\n\n\n\n<p><\/p>\n","protected":false},"excerpt":{"rendered":"<p>Pour un num\u00e9rique \u00e9thique dans l&rsquo;\u00e9ducation Motivations de cette rencontre En 2022, lors de notre premi\u00e8re journ\u00e9e de rencontres, nous faisions l&rsquo;observation d&rsquo;une entr\u00e9e massive et rapide du num\u00e9rique dans [&hellip;]<\/p>\n","protected":false},"author":4,"featured_media":0,"parent":0,"menu_order":0,"comment_status":"closed","ping_status":"closed","template":"","meta":{"ocean_post_layout":"","ocean_both_sidebars_style":"","ocean_both_sidebars_content_width":0,"ocean_both_sidebars_sidebars_width":0,"ocean_sidebar":"","ocean_second_sidebar":"","ocean_disable_margins":"enable","ocean_add_body_class":"","ocean_shortcode_before_top_bar":"","ocean_shortcode_after_top_bar":"","ocean_shortcode_before_header":"","ocean_shortcode_after_header":"","ocean_has_shortcode":"","ocean_shortcode_after_title":"","ocean_shortcode_before_footer_widgets":"","ocean_shortcode_after_footer_widgets":"","ocean_shortcode_before_footer_bottom":"","ocean_shortcode_after_footer_bottom":"","ocean_display_top_bar":"default","ocean_display_header":"default","ocean_header_style":"","ocean_center_header_left_menu":"","ocean_custom_header_template":"","ocean_custom_logo":0,"ocean_custom_retina_logo":0,"ocean_custom_logo_max_width":0,"ocean_custom_logo_tablet_max_width":0,"ocean_custom_logo_mobile_max_width":0,"ocean_custom_logo_max_height":0,"ocean_custom_logo_tablet_max_height":0,"ocean_custom_logo_mobile_max_height":0,"ocean_header_custom_menu":"","ocean_menu_typo_font_family":"","ocean_menu_typo_font_subset":"","ocean_menu_typo_font_size":0,"ocean_menu_typo_font_size_tablet":0,"ocean_menu_typo_font_size_mobile":0,"ocean_menu_typo_font_size_unit":"px","ocean_menu_typo_font_weight":"","ocean_menu_typo_font_weight_tablet":"","ocean_menu_typo_font_weight_mobile":"","ocean_menu_typo_transform":"","ocean_menu_typo_transform_tablet":"","ocean_menu_typo_transform_mobile":"","ocean_menu_typo_line_height":0,"ocean_menu_typo_line_height_tablet":0,"ocean_menu_typo_line_height_mobile":0,"ocean_menu_typo_line_height_unit":"","ocean_menu_typo_spacing":0,"ocean_menu_typo_spacing_tablet":0,"ocean_menu_typo_spacing_mobile":0,"ocean_menu_typo_spacing_unit":"","ocean_menu_link_color":"","ocean_menu_link_color_hover":"","ocean_menu_link_color_active":"","ocean_menu_link_background":"","ocean_menu_link_hover_background":"","ocean_menu_link_active_background":"","ocean_menu_social_links_bg":"","ocean_menu_social_hover_links_bg":"","ocean_menu_social_links_color":"","ocean_menu_social_hover_links_color":"","ocean_disable_title":"default","ocean_disable_heading":"default","ocean_post_title":"","ocean_post_subheading":"","ocean_post_title_style":"","ocean_post_title_background_color":"","ocean_post_title_background":0,"ocean_post_title_bg_image_position":"","ocean_post_title_bg_image_attachment":"","ocean_post_title_bg_image_repeat":"","ocean_post_title_bg_image_size":"","ocean_post_title_height":0,"ocean_post_title_bg_overlay":0.5,"ocean_post_title_bg_overlay_color":"","ocean_disable_breadcrumbs":"default","ocean_breadcrumbs_color":"","ocean_breadcrumbs_separator_color":"","ocean_breadcrumbs_links_color":"","ocean_breadcrumbs_links_hover_color":"","ocean_display_footer_widgets":"default","ocean_display_footer_bottom":"default","ocean_custom_footer_template":"","footnotes":""},"class_list":["post-733","page","type-page","status-publish","hentry","entry"],"_links":{"self":[{"href":"https:\/\/numethic.education\/index.php?rest_route=\/wp\/v2\/pages\/733","targetHints":{"allow":["GET"]}}],"collection":[{"href":"https:\/\/numethic.education\/index.php?rest_route=\/wp\/v2\/pages"}],"about":[{"href":"https:\/\/numethic.education\/index.php?rest_route=\/wp\/v2\/types\/page"}],"author":[{"embeddable":true,"href":"https:\/\/numethic.education\/index.php?rest_route=\/wp\/v2\/users\/4"}],"replies":[{"embeddable":true,"href":"https:\/\/numethic.education\/index.php?rest_route=%2Fwp%2Fv2%2Fcomments&post=733"}],"version-history":[{"count":19,"href":"https:\/\/numethic.education\/index.php?rest_route=\/wp\/v2\/pages\/733\/revisions"}],"predecessor-version":[{"id":760,"href":"https:\/\/numethic.education\/index.php?rest_route=\/wp\/v2\/pages\/733\/revisions\/760"}],"wp:attachment":[{"href":"https:\/\/numethic.education\/index.php?rest_route=%2Fwp%2Fv2%2Fmedia&parent=733"}],"curies":[{"name":"wp","href":"https:\/\/api.w.org\/{rel}","templated":true}]}}